{"id":154579,"date":"2020-04-02T16:39:23","date_gmt":"2020-04-02T14:39:23","guid":{"rendered":"https:\/\/www.elsentre.cat\/equip\/mandreu-sabate\/"},"modified":"2025-05-14T11:56:16","modified_gmt":"2025-05-14T09:56:16","slug":"mandreu-sabate","status":"publish","type":"page","link":"https:\/\/www.elsentre.cat\/es\/equip\/mandreu-sabate\/","title":{"rendered":"Maria Andreu Sabat\u00e9"},"content":{"rendered":"<div class=\"wpb-content-wrapper\"><p>[vc_row][vc_column width=\u00bb1\/1&#8243;][vc_empty_space empty_h=\u00bb1&#8243;][\/vc_column][\/vc_row][vc_row][vc_column width=\u00bb2\/3&#8243;][vc_custom_heading heading_semantic=\u00bbh3&#8243; text_font=\u00bbfont-566895&#8243; text_size=\u00bbh3&#8243; text_color=\u00bbcolor-202078&#8243;]Curr\u00edculum[\/vc_custom_heading][vc_column_text]<\/p>\n<h2><strong>Maria Andreu Sabat\u00e9<\/strong><br \/>\n<strong>Psic\u00f3loga<\/strong><\/h2>\n<p>Soy Licenciada en Psicolog\u00eda por la Universitat Aut\u00f2noma de Barcelona (UAB) y Psic\u00f3loga Colegiada 15.491 (COPC) con reconocimiento sanitario. Soy especialista en Psicoterapia (Certificado Europsy de la European Federation of Psychologists\u2019 Associations, EFPA) y trabajo como psicoterapeuta desde el 2008. Tambi\u00e9n he trabajado durante 4 a\u00f1os en un centro especializado en trastornos de la conducta alimentaria como terapeuta grupal e individual. Me he formado en An\u00e1lisis transaccional integrativo y en Psicoterapia integrativa en el Centro de Entrenamiento para psicoterapeutas CEPA Eric Berne de Barcelona, y en el Nivel 1 de Formaci\u00f3n en el tratamiento del trauma con el Instituto de Psicoterapia Sensorio-motor.<\/p>\n<p>Me he formado en An\u00e1lisis transaccional integrativo y en Psicoterapia integrativa en el Centro de Entrenamiento para psicoterapeutas CEPA Eric Berne de Barcelona, y en el Nivel 1 de Formaci\u00f3n en el tratamiento del trauma con el Instituto de Psicoterapia Sensorio-motor.<\/p>\n<p><span class=\"title-curri\">EXPERIENCIA PROFESSIONAL:<\/span><\/p>\n<p><strong>Psicoterapeuta infanto-juvenil i d\u2019adults.<\/strong> Octubre 2008-Actualidad. Balquena Psicologia Cl\u00ednica, SL (Palau-solit\u00e0 i Plegamans).<br \/>\nEvaluaci\u00f3n, diagn\u00f3stico e intervenci\u00f3n psicoterap\u00e9utica en poblaci\u00f3n infanto-juvenil y con adultos. Coordinaciones y el\u00b7laboraci\u00f3 de informes de diagn\u00f3stico y seguimiento.<\/p>\n<p><strong>Psicoterapeuta individual y de grupos con pacientes con trastornos de la conducta alimentaria (TCA).<\/strong><br \/>\nMayo 2014-Mayo 2018.<br \/>\nCentro ABB-*ITA (Barcelona).<br \/>\nPsicoterapia individual y grupal (tanto en la modalidad de terapia individual en grupo, como terapia de grupo) con pacientes con TCA. Conducci\u00f3n de terapias de grupo familiares. Docente en talleres dirigidos a las familias de los pacientes, con contenidos de psicoeducaci\u00f3 sobre el TCA y las diferentes fases de la intervenci\u00f3n, educaci\u00f3n emocional y estilos de parentatge para la mejora de las relaciones entre padres e hijos.<\/p>\n<p><strong>Psic\u00f3loga infanto-juvenil.<\/strong> Octubre 2008- Julio 2015. Centre Logos (Rub\u00ed).<br \/>\nReeducaciones psicopedag\u00f3gicas por el tratamiento de trastornos de aprendizaje e intervenciones psicoterap\u00e9uticas individuales. Intervenci\u00f3n con los padres para la mejora de la adhesi\u00f3n al tratamiento y para poder mejorar la sintomatolog\u00eda mediante los cambios a nivel familiar (estilo de comunicaci\u00f3n, potenciar una vinculaci\u00f3n m\u00e1s segura, etc.).<\/p>\n<p><span class=\"title-curri\">FORMACI\u00d3N:<\/span><\/p>\n<p><strong>Curso sobre los Trastornos de los aprendizajes, de la conducta y afectivos.<\/strong> Marzo-Junio 2019 (60h). Integratek-Hospital St. Joan de Dios. Revisi\u00f3n del diagn\u00f3stico, comorbilitats, perfil neuro-cognitivo e intervenci\u00f3n en los principales trastornos de aprendizaje (dislexia, TEL, discalculia, TDAH, TEA) por la Unidad de trastornos de aprendizaje del Hospital St. Joan de Dios.<\/p>\n<p><strong>Formaci\u00f3n te\u00f3rico-vivencial en Psicoterapia relacional Integrativa<\/strong> con el Dr. Richard G. Erskine (180 horas en talleres anuales de 5 d\u00edas, de 30h cada uno), 2013-2019 (excepto 2018). Talleres de psicoterapia individual en grupo y discusiones te\u00f3ricas posteriores de los trabajos de psicoterapia realizados. Tem\u00e1ticas tratadas: el trauma acumulativo (del v\u00ednculo) y trauma agudo, m\u00e9todos de la Psicoterapia integrativa, Mecanismos de defensa, etapas del desarrollo psico-afectivo y como se expresan en la terapia que se ha realizado, manifestaciones som\u00e1ticas, cognitivas, emocionales. An\u00e1lisis estructural y An\u00e1lisis de las transacciones a la terapia, trabajo con el Estado del Yo Ni\u00f1o (el autogenerado, trabajo regresivo, etapas evolutivas) y con el Estado del Yo Padre (di\u00e1logo interno, interjectivo, etc.). Trabajo con el Estado del Yo Adulto (conciencia de la funci\u00f3n de las creencias de guion, de los mecanismos de defensa que los mantienen, contratos de cambio). El Sistema de guion y las funciones de homesotasi psicol\u00f3gica de las defensas, etc.<\/p>\n<p><strong>M\u00e1ster por a fisioterapeutas en An\u00e1lisis Transaccional.<\/strong> 2009-2013 (625 h). Centro de Entrenamiento para psicoterapeutas Eric Berne (CEPA Eric Berne, Barcelona). Formaci\u00f3n como psicoterapeuta dentro del modelo del An\u00e1lisis Transaccional (AT) relacionalintegrativo, que incluye formaci\u00f3n te\u00f3rica, vivencial, trabajo personal formativo y pr\u00e1ctica profesional supervisada, profundizando en el modelo te\u00f3rico, filos\u00f3fico y en las t\u00e9cnicas de intervenci\u00f3n de la AT, tanto en psicoterapia individual como grupal.<br \/>\nFormaci\u00f3n en Psicolog\u00eda evolutiva y profundizaci\u00f3n en Psicopatolog\u00eda desde un modelo psicoanal\u00edtico europeo y desde el AT. Descripci\u00f3n de los mecanismos del desarrollo psicoafectivo desde un punto de vista din\u00e1mico y intrasp\u00edquic, y en las fijaciones, regresiones, estructuras de base y mecanismos de defensa. Formaci\u00f3n en din\u00e1micas de grupo, transmisi\u00f3n transgeneracional y tratamiento grupal.<br \/>\n<strong>Nivel 1 de Formaci\u00f3n en Tratamiento del Trauma<\/strong>, Diciembre 2012- Abril 2013 (80 h).<br \/>\nSensoriomotor Psychotherapy Institute, Barcelona.<br \/>\nFormaci\u00f3n te\u00f2rico-pr\u00e1ctica en el tratamiento del trauma agudo y acumulativo, en los mecanismos fisiol\u00f3gicos y estructuras cerebrales implicadas en el trauma, en la observaci\u00f3n de sus manifestaciones somatico-sensoriales, emocionales y cognitivas, y en las intervenciones psicoterap\u00e9uticas a nivel somato-sensorial para favorecer el re-procesamiento.<\/p>\n<p><strong>Llicenciatura en Psicolog\u00eda,<\/strong> 2000-2006. Universitat Aut\u00f2noma de Barcelona (UAB).<\/p>\n<p><strong>Practicum en el CDIAP (Centre de desenvolupament infantil i atenci\u00f3 preco\u00e7) de Mollet del Vall\u00e8s.<\/strong> Curso 2005-06.<\/p>\n<p><span class=\"title-curri\">PARTICIPACI\u00d3N EN CONGRESOS:<\/span><\/p>\n<p>Vilardell Vilardell, A. i Andreu Sabat\u00e9, M. <strong>Teor\u00eda de la Mentalizaci\u00f3n en clave de An\u00e1lisis Transaccional ilustrada desde la psicoterapia infanto-juvenil<\/strong> (2014). Presentaci\u00f3 en format P\u00f3ster en el IX Congreso de la Asociaci\u00f3n de profesionales de psicolog\u00eda humanista y An\u00e1lisis transaccional (APPHAT). Barcelona, 24-26 d\u2019Octubre del 2014.<\/p>\n<p>Esteban Barea, J., Fern\u00e1ndez Ruiz, C. i Andreu Sabat\u00e9, M. <strong>La experiencia som\u00e1tica: el cuarto elemento en la integraci\u00f3n<\/strong> (2014). Presentaci\u00f3 en format Taller en el IX Congreso de la Asociaci\u00f3n de Profesionales de Psicolog\u00eda Humanista y An\u00e1lisis Transaccional (APPHAT). Barcelona, 24-26 d\u2019Octubre del 2014.<\/p>\n<p><span class=\"title-curri\">TRADUCCI\u00d3N DE ARTICULOS:<\/span><\/p>\n<p>Erskine, R. <strong>Proceso relacional de grupo: desarrollos en el modelo de An\u00e1lisis Transaccional de Psicoterapia de grupo.<\/strong> Traducci\u00f3n de: Maria Andreu Sabat\u00e9. Revisi\u00f3n: Jos\u00e9 M. Mart\u00ednez y \u00c1ngela P\u00e9rez Burgos. Este art\u00edculo apareci\u00f3 publicado por primera vez en Transactional Analysis Journal, Vol. 43, No. 4, pp. 262-275, October 2013, Transactional Analysis Journal, 43, (4), 262- 275, October 2013.<\/p>\n<p>Hawkes, L. <strong>Contigo y conmigo en mente: mentalizaci\u00f3n y An\u00e1lisis transaccional.<\/strong> Este art\u00edculo apareci\u00f3 publicado por primera vez en Transactional Analysis Journal, Vol.41, No.3, 230-240, July 2011.[\/vc_column_text][\/vc_column][vc_column width=\u00bb1\/3&#8243;][vc_single_image media=\u00bb83758&#8243; media_width_percent=\u00bb100&#8243;][\/vc_column][\/vc_row][vc_row][vc_column width=\u00bb1\/1&#8243;][vc_empty_space empty_h=\u00bb2&#8243;][\/vc_column][\/vc_row]<\/p>\n<\/div>","protected":false},"excerpt":{"rendered":"<p>[vc_row][vc_column width=\u00bb1\/1&#8243;][vc_empty_space empty_h=\u00bb1&#8243;][\/vc_column][\/vc_row][vc_row][vc_column width=\u00bb2\/3&#8243;][vc_custom_heading heading_semantic=\u00bbh3&#8243; text_font=\u00bbfont-566895&#8243; text_size=\u00bbh3&#8243; text_color=\u00bbcolor-202078&#8243;]Curr\u00edculum[\/vc_custom_heading][vc_column_text] Maria Andreu Sabat\u00e9 Psic\u00f3loga Soy Licenciada en Psicolog\u00eda por la Universitat Aut\u00f2noma [&hellip;]<\/p>\n","protected":false},"author":1,"featured_media":0,"parent":154399,"menu_order":0,"comment_status":"closed","ping_status":"closed","template":"","meta":{"footnotes":""},"class_list":["post-154579","page","type-page","status-publish","hentry"],"yoast_head":"<!-- This site is optimized with the Yoast SEO plugin v27.4 - https:\/\/yoast.com\/product\/yoast-seo-wordpress\/ -->\n<title>Maria Andreu Sabat\u00e9 - El Sentre<\/title>\n<meta name=\"robots\" content=\"index, follow, max-snippet:-1, max-image-preview:large, max-video-preview:-1\" \/>\n<link rel=\"canonical\" href=\"https:\/\/www.elsentre.cat\/es\/equip\/mandreu-sabate\/\" \/>\n<meta property=\"og:locale\" content=\"es_ES\" \/>\n<meta property=\"og:type\" content=\"article\" \/>\n<meta property=\"og:title\" content=\"Maria Andreu Sabat\u00e9 - El Sentre\" \/>\n<meta property=\"og:description\" content=\"[vc_row][vc_column width=\u00bb1\/1&#8243;][vc_empty_space empty_h=\u00bb1&#8243;][\/vc_column][\/vc_row][vc_row][vc_column width=\u00bb2\/3&#8243;][vc_custom_heading heading_semantic=\u00bbh3&#8243; text_font=\u00bbfont-566895&#8243; text_size=\u00bbh3&#8243; text_color=\u00bbcolor-202078&#8243;]Curr\u00edculum[\/vc_custom_heading][vc_column_text] Maria Andreu Sabat\u00e9 Psic\u00f3loga Soy Licenciada en Psicolog\u00eda por la Universitat Aut\u00f2noma [&hellip;]\" \/>\n<meta property=\"og:url\" content=\"https:\/\/www.elsentre.cat\/es\/equip\/mandreu-sabate\/\" \/>\n<meta property=\"og:site_name\" content=\"El Sentre\" \/>\n<meta property=\"article:modified_time\" content=\"2025-05-14T09:56:16+00:00\" \/>\n<meta name=\"twitter:card\" content=\"summary_large_image\" \/>\n<meta name=\"twitter:label1\" content=\"Tiempo de lectura\" \/>\n\t<meta name=\"twitter:data1\" content=\"5 minutos\" \/>\n<script type=\"application\/ld+json\" class=\"yoast-schema-graph\">{\"@context\":\"https:\\\/\\\/schema.org\",\"@graph\":[{\"@type\":\"WebPage\",\"@id\":\"https:\\\/\\\/www.elsentre.cat\\\/es\\\/equip\\\/mandreu-sabate\\\/\",\"url\":\"https:\\\/\\\/www.elsentre.cat\\\/es\\\/equip\\\/mandreu-sabate\\\/\",\"name\":\"Maria Andreu Sabat\u00e9 - El Sentre\",\"isPartOf\":{\"@id\":\"https:\\\/\\\/www.elsentre.cat\\\/es\\\/#website\"},\"datePublished\":\"2020-04-02T14:39:23+00:00\",\"dateModified\":\"2025-05-14T09:56:16+00:00\",\"breadcrumb\":{\"@id\":\"https:\\\/\\\/www.elsentre.cat\\\/es\\\/equip\\\/mandreu-sabate\\\/#breadcrumb\"},\"inLanguage\":\"es\",\"potentialAction\":[{\"@type\":\"ReadAction\",\"target\":[\"https:\\\/\\\/www.elsentre.cat\\\/es\\\/equip\\\/mandreu-sabate\\\/\"]}]},{\"@type\":\"BreadcrumbList\",\"@id\":\"https:\\\/\\\/www.elsentre.cat\\\/es\\\/equip\\\/mandreu-sabate\\\/#breadcrumb\",\"itemListElement\":[{\"@type\":\"ListItem\",\"position\":1,\"name\":\"Inici\",\"item\":\"https:\\\/\\\/www.elsentre.cat\\\/es\\\/\"},{\"@type\":\"ListItem\",\"position\":2,\"name\":\"Equipo\",\"item\":\"https:\\\/\\\/www.elsentre.cat\\\/es\\\/equip\\\/\"},{\"@type\":\"ListItem\",\"position\":3,\"name\":\"Maria Andreu Sabat\u00e9\"}]},{\"@type\":\"WebSite\",\"@id\":\"https:\\\/\\\/www.elsentre.cat\\\/es\\\/#website\",\"url\":\"https:\\\/\\\/www.elsentre.cat\\\/es\\\/\",\"name\":\"El Sentre\",\"description\":\"Salut personalitzada\",\"publisher\":{\"@id\":\"https:\\\/\\\/www.elsentre.cat\\\/es\\\/#organization\"},\"potentialAction\":[{\"@type\":\"SearchAction\",\"target\":{\"@type\":\"EntryPoint\",\"urlTemplate\":\"https:\\\/\\\/www.elsentre.cat\\\/es\\\/?s={search_term_string}\"},\"query-input\":{\"@type\":\"PropertyValueSpecification\",\"valueRequired\":true,\"valueName\":\"search_term_string\"}}],\"inLanguage\":\"es\"},{\"@type\":\"Organization\",\"@id\":\"https:\\\/\\\/www.elsentre.cat\\\/es\\\/#organization\",\"name\":\"El Sentre\",\"url\":\"https:\\\/\\\/www.elsentre.cat\\\/es\\\/\",\"logo\":{\"@type\":\"ImageObject\",\"inLanguage\":\"es\",\"@id\":\"https:\\\/\\\/www.elsentre.cat\\\/es\\\/#\\\/schema\\\/logo\\\/image\\\/\",\"url\":\"https:\\\/\\\/www.elsentre.cat\\\/wp-content\\\/uploads\\\/2020\\\/04\\\/cropped-favicon.png\",\"contentUrl\":\"https:\\\/\\\/www.elsentre.cat\\\/wp-content\\\/uploads\\\/2020\\\/04\\\/cropped-favicon.png\",\"width\":512,\"height\":512,\"caption\":\"El Sentre\"},\"image\":{\"@id\":\"https:\\\/\\\/www.elsentre.cat\\\/es\\\/#\\\/schema\\\/logo\\\/image\\\/\"},\"sameAs\":[\"https:\\\/\\\/www.instagram.com\\\/elsentre\\\/?hl=es\"]}]}<\/script>\n<!-- \/ Yoast SEO plugin. -->","yoast_head_json":{"title":"Maria Andreu Sabat\u00e9 - El Sentre","robots":{"index":"index","follow":"follow","max-snippet":"max-snippet:-1","max-image-preview":"max-image-preview:large","max-video-preview":"max-video-preview:-1"},"canonical":"https:\/\/www.elsentre.cat\/es\/equip\/mandreu-sabate\/","og_locale":"es_ES","og_type":"article","og_title":"Maria Andreu Sabat\u00e9 - El Sentre","og_description":"[vc_row][vc_column width=\u00bb1\/1&#8243;][vc_empty_space empty_h=\u00bb1&#8243;][\/vc_column][\/vc_row][vc_row][vc_column width=\u00bb2\/3&#8243;][vc_custom_heading heading_semantic=\u00bbh3&#8243; text_font=\u00bbfont-566895&#8243; text_size=\u00bbh3&#8243; text_color=\u00bbcolor-202078&#8243;]Curr\u00edculum[\/vc_custom_heading][vc_column_text] Maria Andreu Sabat\u00e9 Psic\u00f3loga Soy Licenciada en Psicolog\u00eda por la Universitat Aut\u00f2noma [&hellip;]","og_url":"https:\/\/www.elsentre.cat\/es\/equip\/mandreu-sabate\/","og_site_name":"El Sentre","article_modified_time":"2025-05-14T09:56:16+00:00","twitter_card":"summary_large_image","twitter_misc":{"Tiempo de lectura":"5 minutos"},"schema":{"@context":"https:\/\/schema.org","@graph":[{"@type":"WebPage","@id":"https:\/\/www.elsentre.cat\/es\/equip\/mandreu-sabate\/","url":"https:\/\/www.elsentre.cat\/es\/equip\/mandreu-sabate\/","name":"Maria Andreu Sabat\u00e9 - El Sentre","isPartOf":{"@id":"https:\/\/www.elsentre.cat\/es\/#website"},"datePublished":"2020-04-02T14:39:23+00:00","dateModified":"2025-05-14T09:56:16+00:00","breadcrumb":{"@id":"https:\/\/www.elsentre.cat\/es\/equip\/mandreu-sabate\/#breadcrumb"},"inLanguage":"es","potentialAction":[{"@type":"ReadAction","target":["https:\/\/www.elsentre.cat\/es\/equip\/mandreu-sabate\/"]}]},{"@type":"BreadcrumbList","@id":"https:\/\/www.elsentre.cat\/es\/equip\/mandreu-sabate\/#breadcrumb","itemListElement":[{"@type":"ListItem","position":1,"name":"Inici","item":"https:\/\/www.elsentre.cat\/es\/"},{"@type":"ListItem","position":2,"name":"Equipo","item":"https:\/\/www.elsentre.cat\/es\/equip\/"},{"@type":"ListItem","position":3,"name":"Maria Andreu Sabat\u00e9"}]},{"@type":"WebSite","@id":"https:\/\/www.elsentre.cat\/es\/#website","url":"https:\/\/www.elsentre.cat\/es\/","name":"El Sentre","description":"Salut personalitzada","publisher":{"@id":"https:\/\/www.elsentre.cat\/es\/#organization"},"potentialAction":[{"@type":"SearchAction","target":{"@type":"EntryPoint","urlTemplate":"https:\/\/www.elsentre.cat\/es\/?s={search_term_string}"},"query-input":{"@type":"PropertyValueSpecification","valueRequired":true,"valueName":"search_term_string"}}],"inLanguage":"es"},{"@type":"Organization","@id":"https:\/\/www.elsentre.cat\/es\/#organization","name":"El Sentre","url":"https:\/\/www.elsentre.cat\/es\/","logo":{"@type":"ImageObject","inLanguage":"es","@id":"https:\/\/www.elsentre.cat\/es\/#\/schema\/logo\/image\/","url":"https:\/\/www.elsentre.cat\/wp-content\/uploads\/2020\/04\/cropped-favicon.png","contentUrl":"https:\/\/www.elsentre.cat\/wp-content\/uploads\/2020\/04\/cropped-favicon.png","width":512,"height":512,"caption":"El Sentre"},"image":{"@id":"https:\/\/www.elsentre.cat\/es\/#\/schema\/logo\/image\/"},"sameAs":["https:\/\/www.instagram.com\/elsentre\/?hl=es"]}]}},"_links":{"self":[{"href":"https:\/\/www.elsentre.cat\/es\/wp-json\/wp\/v2\/pages\/154579","targetHints":{"allow":["GET"]}}],"collection":[{"href":"https:\/\/www.elsentre.cat\/es\/wp-json\/wp\/v2\/pages"}],"about":[{"href":"https:\/\/www.elsentre.cat\/es\/wp-json\/wp\/v2\/types\/page"}],"author":[{"embeddable":true,"href":"https:\/\/www.elsentre.cat\/es\/wp-json\/wp\/v2\/users\/1"}],"replies":[{"embeddable":true,"href":"https:\/\/www.elsentre.cat\/es\/wp-json\/wp\/v2\/comments?post=154579"}],"version-history":[{"count":0,"href":"https:\/\/www.elsentre.cat\/es\/wp-json\/wp\/v2\/pages\/154579\/revisions"}],"up":[{"embeddable":true,"href":"https:\/\/www.elsentre.cat\/es\/wp-json\/wp\/v2\/pages\/154399"}],"wp:attachment":[{"href":"https:\/\/www.elsentre.cat\/es\/wp-json\/wp\/v2\/media?parent=154579"}],"curies":[{"name":"wp","href":"https:\/\/api.w.org\/{rel}","templated":true}]}}