{"id":154564,"date":"2020-04-02T16:13:56","date_gmt":"2020-04-02T14:13:56","guid":{"rendered":"https:\/\/www.elsentre.cat\/equip\/judit-centelles\/"},"modified":"2025-05-14T11:39:31","modified_gmt":"2025-05-14T09:39:31","slug":"judit-centelles","status":"publish","type":"page","link":"https:\/\/www.elsentre.cat\/es\/equip\/judit-centelles\/","title":{"rendered":"Judit Centelles"},"content":{"rendered":"<div class=\"wpb-content-wrapper\"><p>[vc_row][vc_column width=\u00bb1\/1&#8243;][vc_empty_space empty_h=\u00bb1&#8243;][\/vc_column][\/vc_row][vc_row][vc_column width=\u00bb1\/2&#8243;][vc_custom_heading text_color=\u00bbcolor-202078&#8243; heading_semantic=\u00bbh3&#8243; text_font=\u00bbfont-566895&#8243; text_size=\u00bbh3&#8243;]Curr\u00edculum[\/vc_custom_heading][vc_column_text uncode_shortcode_id=\u00bb190420&#8243;]<\/p>\n<h2><strong>Judit Centelles<\/strong><br \/>\n<strong>Psic\u00f3loga educativa i Psicopedagoga<\/strong><\/h2>\n<p>Psic\u00f3loga col. 30.636<\/p>\n<p>&#8211; Psic\u00f3loga educativa.<br \/>\n&#8211; M\u00e1ster en psicopedagogia.<br \/>\n&#8211; Educadora infantil y social.<br \/>\n&#8211; Diagn\u00f3stico y tratamiento en dificultades de aprendizaje.<br \/>\n&#8211; Acompa\u00f1amiento emocional a ni\u00f1os y familias.<br \/>\n&#8211; Formaci\u00f3n en detecci\u00f3n y diagn\u00f3stico de dislexia.<br \/>\n[\/vc_column_text][\/vc_column][vc_column width=\u00bb1\/2&#8243;][vc_single_image media=\u00bb84712&#8243; media_width_percent=\u00bb100&#8243; uncode_shortcode_id=\u00bb238653&#8243;][\/vc_column][\/vc_row][vc_row][vc_column width=\u00bb1\/1&#8243;][vc_empty_space empty_h=\u00bb2&#8243;][\/vc_column][\/vc_row]<\/p>\n<\/div>","protected":false},"excerpt":{"rendered":"<p>[vc_row][vc_column width=\u00bb1\/1&#8243;][vc_empty_space empty_h=\u00bb1&#8243;][\/vc_column][\/vc_row][vc_row][vc_column width=\u00bb1\/2&#8243;][vc_custom_heading text_color=\u00bbcolor-202078&#8243; heading_semantic=\u00bbh3&#8243; text_font=\u00bbfont-566895&#8243; text_size=\u00bbh3&#8243;]Curr\u00edculum[\/vc_custom_heading][vc_column_text uncode_shortcode_id=\u00bb190420&#8243;] Judit Centelles Psic\u00f3loga educativa i Psicopedagoga Psic\u00f3loga col. 30.636 &#8211; Psic\u00f3loga [&hellip;]<\/p>\n","protected":false},"author":1,"featured_media":0,"parent":154399,"menu_order":0,"comment_status":"closed","ping_status":"closed","template":"","meta":{"footnotes":""},"class_list":["post-154564","page","type-page","status-publish","hentry"],"yoast_head":"<!-- This site is optimized with the Yoast SEO plugin v27.3 - https:\/\/yoast.com\/product\/yoast-seo-wordpress\/ -->\n<title>Judit Centelles - El Sentre<\/title>\n<meta name=\"robots\" content=\"index, follow, max-snippet:-1, max-image-preview:large, max-video-preview:-1\" \/>\n<link rel=\"canonical\" href=\"https:\/\/www.elsentre.cat\/es\/equip\/judit-centelles\/\" \/>\n<meta property=\"og:locale\" content=\"es_ES\" \/>\n<meta property=\"og:type\" content=\"article\" \/>\n<meta property=\"og:title\" content=\"Judit Centelles - El Sentre\" \/>\n<meta property=\"og:description\" content=\"[vc_row][vc_column width=\u00bb1\/1&#8243;][vc_empty_space empty_h=\u00bb1&#8243;][\/vc_column][\/vc_row][vc_row][vc_column width=\u00bb1\/2&#8243;][vc_custom_heading text_color=\u00bbcolor-202078&#8243; heading_semantic=\u00bbh3&#8243; text_font=\u00bbfont-566895&#8243; text_size=\u00bbh3&#8243;]Curr\u00edculum[\/vc_custom_heading][vc_column_text uncode_shortcode_id=\u00bb190420&#8243;] Judit Centelles Psic\u00f3loga educativa i Psicopedagoga Psic\u00f3loga col. 30.636 &#8211; Psic\u00f3loga [&hellip;]\" \/>\n<meta property=\"og:url\" content=\"https:\/\/www.elsentre.cat\/es\/equip\/judit-centelles\/\" \/>\n<meta property=\"og:site_name\" content=\"El Sentre\" \/>\n<meta property=\"article:modified_time\" content=\"2025-05-14T09:39:31+00:00\" \/>\n<meta name=\"twitter:card\" content=\"summary_large_image\" \/>\n<meta name=\"twitter:label1\" content=\"Tiempo de lectura\" \/>\n\t<meta name=\"twitter:data1\" content=\"1 minuto\" \/>\n<script type=\"application\/ld+json\" class=\"yoast-schema-graph\">{\"@context\":\"https:\\\/\\\/schema.org\",\"@graph\":[{\"@type\":\"WebPage\",\"@id\":\"https:\\\/\\\/www.elsentre.cat\\\/es\\\/equip\\\/judit-centelles\\\/\",\"url\":\"https:\\\/\\\/www.elsentre.cat\\\/es\\\/equip\\\/judit-centelles\\\/\",\"name\":\"Judit Centelles - El Sentre\",\"isPartOf\":{\"@id\":\"https:\\\/\\\/www.elsentre.cat\\\/es\\\/#website\"},\"datePublished\":\"2020-04-02T14:13:56+00:00\",\"dateModified\":\"2025-05-14T09:39:31+00:00\",\"breadcrumb\":{\"@id\":\"https:\\\/\\\/www.elsentre.cat\\\/es\\\/equip\\\/judit-centelles\\\/#breadcrumb\"},\"inLanguage\":\"es\",\"potentialAction\":[{\"@type\":\"ReadAction\",\"target\":[\"https:\\\/\\\/www.elsentre.cat\\\/es\\\/equip\\\/judit-centelles\\\/\"]}]},{\"@type\":\"BreadcrumbList\",\"@id\":\"https:\\\/\\\/www.elsentre.cat\\\/es\\\/equip\\\/judit-centelles\\\/#breadcrumb\",\"itemListElement\":[{\"@type\":\"ListItem\",\"position\":1,\"name\":\"Inici\",\"item\":\"https:\\\/\\\/www.elsentre.cat\\\/es\\\/\"},{\"@type\":\"ListItem\",\"position\":2,\"name\":\"Equipo\",\"item\":\"https:\\\/\\\/www.elsentre.cat\\\/es\\\/equip\\\/\"},{\"@type\":\"ListItem\",\"position\":3,\"name\":\"Judit Centelles\"}]},{\"@type\":\"WebSite\",\"@id\":\"https:\\\/\\\/www.elsentre.cat\\\/es\\\/#website\",\"url\":\"https:\\\/\\\/www.elsentre.cat\\\/es\\\/\",\"name\":\"El Sentre\",\"description\":\"Salut personalitzada\",\"publisher\":{\"@id\":\"https:\\\/\\\/www.elsentre.cat\\\/es\\\/#organization\"},\"potentialAction\":[{\"@type\":\"SearchAction\",\"target\":{\"@type\":\"EntryPoint\",\"urlTemplate\":\"https:\\\/\\\/www.elsentre.cat\\\/es\\\/?s={search_term_string}\"},\"query-input\":{\"@type\":\"PropertyValueSpecification\",\"valueRequired\":true,\"valueName\":\"search_term_string\"}}],\"inLanguage\":\"es\"},{\"@type\":\"Organization\",\"@id\":\"https:\\\/\\\/www.elsentre.cat\\\/es\\\/#organization\",\"name\":\"El Sentre\",\"url\":\"https:\\\/\\\/www.elsentre.cat\\\/es\\\/\",\"logo\":{\"@type\":\"ImageObject\",\"inLanguage\":\"es\",\"@id\":\"https:\\\/\\\/www.elsentre.cat\\\/es\\\/#\\\/schema\\\/logo\\\/image\\\/\",\"url\":\"https:\\\/\\\/www.elsentre.cat\\\/wp-content\\\/uploads\\\/2020\\\/04\\\/cropped-favicon.png\",\"contentUrl\":\"https:\\\/\\\/www.elsentre.cat\\\/wp-content\\\/uploads\\\/2020\\\/04\\\/cropped-favicon.png\",\"width\":512,\"height\":512,\"caption\":\"El Sentre\"},\"image\":{\"@id\":\"https:\\\/\\\/www.elsentre.cat\\\/es\\\/#\\\/schema\\\/logo\\\/image\\\/\"},\"sameAs\":[\"https:\\\/\\\/www.instagram.com\\\/elsentre\\\/?hl=es\"]}]}<\/script>\n<!-- \/ Yoast SEO plugin. -->","yoast_head_json":{"title":"Judit Centelles - El Sentre","robots":{"index":"index","follow":"follow","max-snippet":"max-snippet:-1","max-image-preview":"max-image-preview:large","max-video-preview":"max-video-preview:-1"},"canonical":"https:\/\/www.elsentre.cat\/es\/equip\/judit-centelles\/","og_locale":"es_ES","og_type":"article","og_title":"Judit Centelles - El Sentre","og_description":"[vc_row][vc_column width=\u00bb1\/1&#8243;][vc_empty_space empty_h=\u00bb1&#8243;][\/vc_column][\/vc_row][vc_row][vc_column width=\u00bb1\/2&#8243;][vc_custom_heading text_color=\u00bbcolor-202078&#8243; heading_semantic=\u00bbh3&#8243; text_font=\u00bbfont-566895&#8243; text_size=\u00bbh3&#8243;]Curr\u00edculum[\/vc_custom_heading][vc_column_text uncode_shortcode_id=\u00bb190420&#8243;] Judit Centelles Psic\u00f3loga educativa i Psicopedagoga Psic\u00f3loga col. 30.636 &#8211; Psic\u00f3loga [&hellip;]","og_url":"https:\/\/www.elsentre.cat\/es\/equip\/judit-centelles\/","og_site_name":"El Sentre","article_modified_time":"2025-05-14T09:39:31+00:00","twitter_card":"summary_large_image","twitter_misc":{"Tiempo de lectura":"1 minuto"},"schema":{"@context":"https:\/\/schema.org","@graph":[{"@type":"WebPage","@id":"https:\/\/www.elsentre.cat\/es\/equip\/judit-centelles\/","url":"https:\/\/www.elsentre.cat\/es\/equip\/judit-centelles\/","name":"Judit Centelles - El Sentre","isPartOf":{"@id":"https:\/\/www.elsentre.cat\/es\/#website"},"datePublished":"2020-04-02T14:13:56+00:00","dateModified":"2025-05-14T09:39:31+00:00","breadcrumb":{"@id":"https:\/\/www.elsentre.cat\/es\/equip\/judit-centelles\/#breadcrumb"},"inLanguage":"es","potentialAction":[{"@type":"ReadAction","target":["https:\/\/www.elsentre.cat\/es\/equip\/judit-centelles\/"]}]},{"@type":"BreadcrumbList","@id":"https:\/\/www.elsentre.cat\/es\/equip\/judit-centelles\/#breadcrumb","itemListElement":[{"@type":"ListItem","position":1,"name":"Inici","item":"https:\/\/www.elsentre.cat\/es\/"},{"@type":"ListItem","position":2,"name":"Equipo","item":"https:\/\/www.elsentre.cat\/es\/equip\/"},{"@type":"ListItem","position":3,"name":"Judit Centelles"}]},{"@type":"WebSite","@id":"https:\/\/www.elsentre.cat\/es\/#website","url":"https:\/\/www.elsentre.cat\/es\/","name":"El Sentre","description":"Salut personalitzada","publisher":{"@id":"https:\/\/www.elsentre.cat\/es\/#organization"},"potentialAction":[{"@type":"SearchAction","target":{"@type":"EntryPoint","urlTemplate":"https:\/\/www.elsentre.cat\/es\/?s={search_term_string}"},"query-input":{"@type":"PropertyValueSpecification","valueRequired":true,"valueName":"search_term_string"}}],"inLanguage":"es"},{"@type":"Organization","@id":"https:\/\/www.elsentre.cat\/es\/#organization","name":"El Sentre","url":"https:\/\/www.elsentre.cat\/es\/","logo":{"@type":"ImageObject","inLanguage":"es","@id":"https:\/\/www.elsentre.cat\/es\/#\/schema\/logo\/image\/","url":"https:\/\/www.elsentre.cat\/wp-content\/uploads\/2020\/04\/cropped-favicon.png","contentUrl":"https:\/\/www.elsentre.cat\/wp-content\/uploads\/2020\/04\/cropped-favicon.png","width":512,"height":512,"caption":"El Sentre"},"image":{"@id":"https:\/\/www.elsentre.cat\/es\/#\/schema\/logo\/image\/"},"sameAs":["https:\/\/www.instagram.com\/elsentre\/?hl=es"]}]}},"_links":{"self":[{"href":"https:\/\/www.elsentre.cat\/es\/wp-json\/wp\/v2\/pages\/154564","targetHints":{"allow":["GET"]}}],"collection":[{"href":"https:\/\/www.elsentre.cat\/es\/wp-json\/wp\/v2\/pages"}],"about":[{"href":"https:\/\/www.elsentre.cat\/es\/wp-json\/wp\/v2\/types\/page"}],"author":[{"embeddable":true,"href":"https:\/\/www.elsentre.cat\/es\/wp-json\/wp\/v2\/users\/1"}],"replies":[{"embeddable":true,"href":"https:\/\/www.elsentre.cat\/es\/wp-json\/wp\/v2\/comments?post=154564"}],"version-history":[{"count":0,"href":"https:\/\/www.elsentre.cat\/es\/wp-json\/wp\/v2\/pages\/154564\/revisions"}],"up":[{"embeddable":true,"href":"https:\/\/www.elsentre.cat\/es\/wp-json\/wp\/v2\/pages\/154399"}],"wp:attachment":[{"href":"https:\/\/www.elsentre.cat\/es\/wp-json\/wp\/v2\/media?parent=154564"}],"curies":[{"name":"wp","href":"https:\/\/api.w.org\/{rel}","templated":true}]}}