{"id":154518,"date":"2020-04-02T15:23:27","date_gmt":"2020-04-02T13:23:27","guid":{"rendered":"https:\/\/www.elsentre.cat\/equip\/anna-gomez\/"},"modified":"2025-05-14T11:22:20","modified_gmt":"2025-05-14T09:22:20","slug":"anna-gomez","status":"publish","type":"page","link":"https:\/\/www.elsentre.cat\/es\/equip\/anna-gomez\/","title":{"rendered":"Anna G\u00f3mez"},"content":{"rendered":"<div class=\"wpb-content-wrapper\"><p>[vc_row][vc_column width=\u00bb1\/1&#8243;][vc_empty_space empty_h=\u00bb1&#8243;][\/vc_column][\/vc_row][vc_row][vc_column width=\u00bb2\/3&#8243;][vc_custom_heading text_color=\u00bbcolor-202078&#8243; heading_semantic=\u00bbh3&#8243; text_font=\u00bbfont-566895&#8243; text_size=\u00bbh3&#8243;]Curr\u00edculum[\/vc_custom_heading][vc_column_text uncode_shortcode_id=\u00bb140380&#8243;]<\/p>\n<h2><strong>Anna G\u00f3mez<\/strong><br \/>\n<strong>Dietista-Nutricionista<\/strong><\/h2>\n<p>[\/vc_column_text][vc_column_text uncode_shortcode_id=\u00bb849149&#8243;]<strong>T\u00cdTULOS:<\/strong><br \/>\n&#8211; M\u00e1ster en condicionantesgen\u00e9ticos, nutricionales y ambientals del crecimiento y desarrollo humano. Nutrici\u00f3n infantil. 2012 URV. Reus.<br \/>\n&#8211; Grado en nutrici\u00f3n humana idiet\u00e8tica, 2011. Facultad de ciencias de la salud Blanquerna (Universidad Ram\u00f3n Llull). Barcelona<br \/>\n&#8211; Diplomatura en Nutrici\u00f3n humana y diet\u00e9tica, 2010.Facultad de ciencias de la salud Blanquerna (Universidad Ram\u00f3n Llull). Barcelona[\/vc_column_text][vc_column_text uncode_shortcode_id=\u00bb102586&#8243;]<strong>FOMACI\u00d3 COMPLEMENTAR\u00cdA<\/strong><br \/>\n&#8211; Certificaci\u00f3n Internacional en Cineantropometria, ISAK nivel Y (INEFC, 2014)<br \/>\n&#8211; Seminario Fibrami\u00e1lgia. (ACDN,2015)<br \/>\n&#8211; Curso especializaci\u00f3n en obesidad (ICNS,2019)<br \/>\n&#8211; De la Cl\u00ednica a la Anal\u00edtica. (Acad\u00e8mias\u00f3c como como Pro, 2023)<br \/>\n&#8211; Nutrici\u00f3n en patolog\u00edas intestinales espec\u00edficas. (GAN, 2023)<br \/>\n&#8211; La dieta vegetariana. Tipo y la suya influencia en la salud. (GAN, 2023)<br \/>\n&#8211; Nutrici\u00f3n en los 1000 primeros d\u00edas y las repercusiones sobre la salud futura. (GAN, 2023)<br \/>\n&#8211; Diabetes mellitus tipo 2. Actualizaci\u00f3n, dietoter\u00e0piai gastronom\u00eda nutricional. (GAN, 2023)<br \/>\n&#8211; Actualizaci\u00f3n en Alergias e intolerancias (CODINUCAT, 2024)<br \/>\n&#8211; Interpretaci\u00f3n de anal\u00edticas para profesionales sanitarios (CODINUCAT, 2024)[\/vc_column_text][\/vc_column][vc_column column_width_percent=\u00bb100&#8243; align_horizontal=\u00bbalign_center\u00bb gutter_size=\u00bb3&#8243; overlay_alpha=\u00bb50&#8243; shift_x=\u00bb0&#8243; shift_y=\u00bb0&#8243; shift_y_down=\u00bb0&#8243; z_index=\u00bb0&#8243; medium_width=\u00bb0&#8243; mobile_width=\u00bb0&#8243; width=\u00bb1\/3&#8243; uncode_shortcode_id=\u00bb213682&#8243;][vc_single_image media=\u00bb112568&#8243; media_width_percent=\u00bb100&#8243; uncode_shortcode_id=\u00bb679783&#8243;][\/vc_column][\/vc_row][vc_row][vc_column width=\u00bb1\/1&#8243;][\/vc_column][\/vc_row][vc_row][vc_column width=\u00bb1\/1&#8243;][vc_empty_space empty_h=\u00bb2&#8243;][\/vc_column][\/vc_row]<\/p>\n<\/div>","protected":false},"excerpt":{"rendered":"<p>[vc_row][vc_column width=\u00bb1\/1&#8243;][vc_empty_space empty_h=\u00bb1&#8243;][\/vc_column][\/vc_row][vc_row][vc_column width=\u00bb2\/3&#8243;][vc_custom_heading text_color=\u00bbcolor-202078&#8243; heading_semantic=\u00bbh3&#8243; text_font=\u00bbfont-566895&#8243; text_size=\u00bbh3&#8243;]Curr\u00edculum[\/vc_custom_heading][vc_column_text uncode_shortcode_id=\u00bb140380&#8243;] Anna G\u00f3mez Dietista-Nutricionista [\/vc_column_text][vc_column_text uncode_shortcode_id=\u00bb849149&#8243;]T\u00cdTULOS: &#8211; M\u00e1ster en condicionantesgen\u00e9ticos, nutricionales y [&hellip;]<\/p>\n","protected":false},"author":1,"featured_media":0,"parent":154399,"menu_order":0,"comment_status":"closed","ping_status":"closed","template":"","meta":{"footnotes":""},"class_list":["post-154518","page","type-page","status-publish","hentry"],"yoast_head":"<!-- This site is optimized with the Yoast SEO plugin v27.3 - https:\/\/yoast.com\/product\/yoast-seo-wordpress\/ -->\n<title>Anna G\u00f3mez - El Sentre<\/title>\n<meta name=\"robots\" content=\"index, follow, max-snippet:-1, max-image-preview:large, max-video-preview:-1\" \/>\n<link rel=\"canonical\" href=\"https:\/\/www.elsentre.cat\/es\/equip\/anna-gomez\/\" \/>\n<meta property=\"og:locale\" content=\"es_ES\" \/>\n<meta property=\"og:type\" content=\"article\" \/>\n<meta property=\"og:title\" content=\"Anna G\u00f3mez - El Sentre\" \/>\n<meta property=\"og:description\" content=\"[vc_row][vc_column width=\u00bb1\/1&#8243;][vc_empty_space empty_h=\u00bb1&#8243;][\/vc_column][\/vc_row][vc_row][vc_column width=\u00bb2\/3&#8243;][vc_custom_heading text_color=\u00bbcolor-202078&#8243; heading_semantic=\u00bbh3&#8243; text_font=\u00bbfont-566895&#8243; text_size=\u00bbh3&#8243;]Curr\u00edculum[\/vc_custom_heading][vc_column_text uncode_shortcode_id=\u00bb140380&#8243;] Anna G\u00f3mez Dietista-Nutricionista [\/vc_column_text][vc_column_text uncode_shortcode_id=\u00bb849149&#8243;]T\u00cdTULOS: &#8211; M\u00e1ster en condicionantesgen\u00e9ticos, nutricionales y [&hellip;]\" \/>\n<meta property=\"og:url\" content=\"https:\/\/www.elsentre.cat\/es\/equip\/anna-gomez\/\" \/>\n<meta property=\"og:site_name\" content=\"El Sentre\" \/>\n<meta property=\"article:modified_time\" content=\"2025-05-14T09:22:20+00:00\" \/>\n<meta name=\"twitter:card\" content=\"summary_large_image\" \/>\n<meta name=\"twitter:label1\" content=\"Tiempo de lectura\" \/>\n\t<meta name=\"twitter:data1\" content=\"2 minutos\" \/>\n<script type=\"application\/ld+json\" class=\"yoast-schema-graph\">{\"@context\":\"https:\\\/\\\/schema.org\",\"@graph\":[{\"@type\":\"WebPage\",\"@id\":\"https:\\\/\\\/www.elsentre.cat\\\/es\\\/equip\\\/anna-gomez\\\/\",\"url\":\"https:\\\/\\\/www.elsentre.cat\\\/es\\\/equip\\\/anna-gomez\\\/\",\"name\":\"Anna G\u00f3mez - El Sentre\",\"isPartOf\":{\"@id\":\"https:\\\/\\\/www.elsentre.cat\\\/es\\\/#website\"},\"datePublished\":\"2020-04-02T13:23:27+00:00\",\"dateModified\":\"2025-05-14T09:22:20+00:00\",\"breadcrumb\":{\"@id\":\"https:\\\/\\\/www.elsentre.cat\\\/es\\\/equip\\\/anna-gomez\\\/#breadcrumb\"},\"inLanguage\":\"es\",\"potentialAction\":[{\"@type\":\"ReadAction\",\"target\":[\"https:\\\/\\\/www.elsentre.cat\\\/es\\\/equip\\\/anna-gomez\\\/\"]}]},{\"@type\":\"BreadcrumbList\",\"@id\":\"https:\\\/\\\/www.elsentre.cat\\\/es\\\/equip\\\/anna-gomez\\\/#breadcrumb\",\"itemListElement\":[{\"@type\":\"ListItem\",\"position\":1,\"name\":\"Inici\",\"item\":\"https:\\\/\\\/www.elsentre.cat\\\/es\\\/\"},{\"@type\":\"ListItem\",\"position\":2,\"name\":\"Equipo\",\"item\":\"https:\\\/\\\/www.elsentre.cat\\\/es\\\/equip\\\/\"},{\"@type\":\"ListItem\",\"position\":3,\"name\":\"Anna G\u00f3mez\"}]},{\"@type\":\"WebSite\",\"@id\":\"https:\\\/\\\/www.elsentre.cat\\\/es\\\/#website\",\"url\":\"https:\\\/\\\/www.elsentre.cat\\\/es\\\/\",\"name\":\"El Sentre\",\"description\":\"Salut personalitzada\",\"publisher\":{\"@id\":\"https:\\\/\\\/www.elsentre.cat\\\/es\\\/#organization\"},\"potentialAction\":[{\"@type\":\"SearchAction\",\"target\":{\"@type\":\"EntryPoint\",\"urlTemplate\":\"https:\\\/\\\/www.elsentre.cat\\\/es\\\/?s={search_term_string}\"},\"query-input\":{\"@type\":\"PropertyValueSpecification\",\"valueRequired\":true,\"valueName\":\"search_term_string\"}}],\"inLanguage\":\"es\"},{\"@type\":\"Organization\",\"@id\":\"https:\\\/\\\/www.elsentre.cat\\\/es\\\/#organization\",\"name\":\"El Sentre\",\"url\":\"https:\\\/\\\/www.elsentre.cat\\\/es\\\/\",\"logo\":{\"@type\":\"ImageObject\",\"inLanguage\":\"es\",\"@id\":\"https:\\\/\\\/www.elsentre.cat\\\/es\\\/#\\\/schema\\\/logo\\\/image\\\/\",\"url\":\"https:\\\/\\\/www.elsentre.cat\\\/wp-content\\\/uploads\\\/2020\\\/04\\\/cropped-favicon.png\",\"contentUrl\":\"https:\\\/\\\/www.elsentre.cat\\\/wp-content\\\/uploads\\\/2020\\\/04\\\/cropped-favicon.png\",\"width\":512,\"height\":512,\"caption\":\"El Sentre\"},\"image\":{\"@id\":\"https:\\\/\\\/www.elsentre.cat\\\/es\\\/#\\\/schema\\\/logo\\\/image\\\/\"},\"sameAs\":[\"https:\\\/\\\/www.instagram.com\\\/elsentre\\\/?hl=es\"]}]}<\/script>\n<!-- \/ Yoast SEO plugin. -->","yoast_head_json":{"title":"Anna G\u00f3mez - El Sentre","robots":{"index":"index","follow":"follow","max-snippet":"max-snippet:-1","max-image-preview":"max-image-preview:large","max-video-preview":"max-video-preview:-1"},"canonical":"https:\/\/www.elsentre.cat\/es\/equip\/anna-gomez\/","og_locale":"es_ES","og_type":"article","og_title":"Anna G\u00f3mez - El Sentre","og_description":"[vc_row][vc_column width=\u00bb1\/1&#8243;][vc_empty_space empty_h=\u00bb1&#8243;][\/vc_column][\/vc_row][vc_row][vc_column width=\u00bb2\/3&#8243;][vc_custom_heading text_color=\u00bbcolor-202078&#8243; heading_semantic=\u00bbh3&#8243; text_font=\u00bbfont-566895&#8243; text_size=\u00bbh3&#8243;]Curr\u00edculum[\/vc_custom_heading][vc_column_text uncode_shortcode_id=\u00bb140380&#8243;] Anna G\u00f3mez Dietista-Nutricionista [\/vc_column_text][vc_column_text uncode_shortcode_id=\u00bb849149&#8243;]T\u00cdTULOS: &#8211; M\u00e1ster en condicionantesgen\u00e9ticos, nutricionales y [&hellip;]","og_url":"https:\/\/www.elsentre.cat\/es\/equip\/anna-gomez\/","og_site_name":"El Sentre","article_modified_time":"2025-05-14T09:22:20+00:00","twitter_card":"summary_large_image","twitter_misc":{"Tiempo de lectura":"2 minutos"},"schema":{"@context":"https:\/\/schema.org","@graph":[{"@type":"WebPage","@id":"https:\/\/www.elsentre.cat\/es\/equip\/anna-gomez\/","url":"https:\/\/www.elsentre.cat\/es\/equip\/anna-gomez\/","name":"Anna G\u00f3mez - El Sentre","isPartOf":{"@id":"https:\/\/www.elsentre.cat\/es\/#website"},"datePublished":"2020-04-02T13:23:27+00:00","dateModified":"2025-05-14T09:22:20+00:00","breadcrumb":{"@id":"https:\/\/www.elsentre.cat\/es\/equip\/anna-gomez\/#breadcrumb"},"inLanguage":"es","potentialAction":[{"@type":"ReadAction","target":["https:\/\/www.elsentre.cat\/es\/equip\/anna-gomez\/"]}]},{"@type":"BreadcrumbList","@id":"https:\/\/www.elsentre.cat\/es\/equip\/anna-gomez\/#breadcrumb","itemListElement":[{"@type":"ListItem","position":1,"name":"Inici","item":"https:\/\/www.elsentre.cat\/es\/"},{"@type":"ListItem","position":2,"name":"Equipo","item":"https:\/\/www.elsentre.cat\/es\/equip\/"},{"@type":"ListItem","position":3,"name":"Anna G\u00f3mez"}]},{"@type":"WebSite","@id":"https:\/\/www.elsentre.cat\/es\/#website","url":"https:\/\/www.elsentre.cat\/es\/","name":"El Sentre","description":"Salut personalitzada","publisher":{"@id":"https:\/\/www.elsentre.cat\/es\/#organization"},"potentialAction":[{"@type":"SearchAction","target":{"@type":"EntryPoint","urlTemplate":"https:\/\/www.elsentre.cat\/es\/?s={search_term_string}"},"query-input":{"@type":"PropertyValueSpecification","valueRequired":true,"valueName":"search_term_string"}}],"inLanguage":"es"},{"@type":"Organization","@id":"https:\/\/www.elsentre.cat\/es\/#organization","name":"El Sentre","url":"https:\/\/www.elsentre.cat\/es\/","logo":{"@type":"ImageObject","inLanguage":"es","@id":"https:\/\/www.elsentre.cat\/es\/#\/schema\/logo\/image\/","url":"https:\/\/www.elsentre.cat\/wp-content\/uploads\/2020\/04\/cropped-favicon.png","contentUrl":"https:\/\/www.elsentre.cat\/wp-content\/uploads\/2020\/04\/cropped-favicon.png","width":512,"height":512,"caption":"El Sentre"},"image":{"@id":"https:\/\/www.elsentre.cat\/es\/#\/schema\/logo\/image\/"},"sameAs":["https:\/\/www.instagram.com\/elsentre\/?hl=es"]}]}},"_links":{"self":[{"href":"https:\/\/www.elsentre.cat\/es\/wp-json\/wp\/v2\/pages\/154518","targetHints":{"allow":["GET"]}}],"collection":[{"href":"https:\/\/www.elsentre.cat\/es\/wp-json\/wp\/v2\/pages"}],"about":[{"href":"https:\/\/www.elsentre.cat\/es\/wp-json\/wp\/v2\/types\/page"}],"author":[{"embeddable":true,"href":"https:\/\/www.elsentre.cat\/es\/wp-json\/wp\/v2\/users\/1"}],"replies":[{"embeddable":true,"href":"https:\/\/www.elsentre.cat\/es\/wp-json\/wp\/v2\/comments?post=154518"}],"version-history":[{"count":0,"href":"https:\/\/www.elsentre.cat\/es\/wp-json\/wp\/v2\/pages\/154518\/revisions"}],"up":[{"embeddable":true,"href":"https:\/\/www.elsentre.cat\/es\/wp-json\/wp\/v2\/pages\/154399"}],"wp:attachment":[{"href":"https:\/\/www.elsentre.cat\/es\/wp-json\/wp\/v2\/media?parent=154518"}],"curies":[{"name":"wp","href":"https:\/\/api.w.org\/{rel}","templated":true}]}}