{"id":154494,"date":"2020-04-02T12:10:16","date_gmt":"2020-04-02T10:10:16","guid":{"rendered":"https:\/\/www.elsentre.cat\/equip\/seherezade-torras\/"},"modified":"2025-05-14T11:16:25","modified_gmt":"2025-05-14T09:16:25","slug":"seherezade-torras","status":"publish","type":"page","link":"https:\/\/www.elsentre.cat\/es\/equip\/seherezade-torras\/","title":{"rendered":"Seherezade Torras"},"content":{"rendered":"<div class=\"wpb-content-wrapper\"><p>[vc_row][vc_column width=\u00bb1\/1&#8243;][vc_empty_space empty_h=\u00bb1&#8243;][\/vc_column][\/vc_row][vc_row][vc_column width=\u00bb1\/1&#8243;][vc_single_image media=\u00bb84530&#8243; media_width_percent=\u00bb100&#8243; uncode_shortcode_id=\u00bb123348&#8243;][\/vc_column][\/vc_row][vc_row][vc_column width=\u00bb1\/1&#8243;][vc_custom_heading text_color=\u00bbcolor-202078&#8243; heading_semantic=\u00bbh3&#8243; text_font=\u00bbfont-566895&#8243; text_size=\u00bbh3&#8243;]Curr\u00edculum[\/vc_custom_heading][vc_column_text]<\/p>\n<h2><strong>Seherezade Torras<\/strong><br \/>\nOste\u00f3pata y Fisioterapeuta<\/h2>\n<p>&nbsp;<\/p>\n<p><strong>T\u00cdTULOS:<\/strong><br \/>\n&#8211; Diplomada en Fisioterapia, 2001 (EU Gimbernat, UAB)<br \/>\n&#8211; Grado en Fisioterapia 2014 (EU Gimbernat, UAB)<\/p>\n<p><strong>M\u00c1STERS:<\/strong><br \/>\n&#8211; M\u00e1ster oficial en Osteopatia any 2008 (E.U. Gimbernat, U.A.B.)<\/p>\n<p><strong>CURSOS Y POSGRADOS<\/strong><br \/>\n&#8211; Concepto Sohier. Margarida Company. 2003<br \/>\n&#8211; S\u00edndrome de dolor miofascial, Punci\u00f3n seca. Orlando Mayoral. E.Uno. Gimbernat. 2005-2006<br \/>\n&#8211; Osteopat\u00eda Estructural. EU Gimbernat, UAB. 2005<br \/>\n&#8211; M\u00e9todo Feldenkrais. E.Uno.Gimbernat.2010<br \/>\n&#8211; T\u00e9cnicas de ajustamiento espec\u00edfico . SAT. Joan Parera. EUIF Blanquerna. 2010<br \/>\n&#8211; Curso de Fisioterapia obst\u00e9trica. J.M. Am\u00f3stegui. FUB. 2010<br \/>\n&#8211; Curso de uroginecologia cl\u00ednica. Xavi Hugas. 2010<br \/>\n&#8211; El sistema neurovegetativo. Un elemento integrador en osteopat\u00eda. Rafael Cabrera. 2013<br \/>\n&#8211; Reeducaci\u00f3n abdominopelviana y urogenital digestiva. Marcel Caufriez-Sara Esparza. E.Uno. Gimbernat. 2013<br \/>\n&#8211; Osteopat\u00eda en el campo craneal. Los 5 fen\u00f3menos. Sutherland Cranial College. 2013<br \/>\n&#8211; Psico Neuro Endocrino Inmunolog\u00eda (PNI). Regenera. 2013<br \/>\n&#8211; Abordaje cl\u00ednico y terap\u00e9utico del paciente vertiginoso e inestable. Unidad de tratamiento del V\u00e9rtigo. Barcelona. 2016<br \/>\n&#8211; Movilitzaci\u00f3 visceral. Eduardo Zamorano. INSTEMA. 2017<br \/>\n&#8211; Neurobiolog\u00eda del SNA. Interocepci\u00f3 y dolor . Wilfried J\u00e4nning. 2018<br \/>\n&#8211; Osteopat\u00eda craneal biodin\u00e1mica: en curso desde el 2016. Bios Formaci\u00f3n.<br \/>\n<strong>LABORAL:<\/strong><br \/>\n&#8211; Centro de Especialidades medicas Granollers 2002-2008<br \/>\n&#8211; Centro de Osteopat\u00eda y Fisioterapia Sant Feliu de Codines.<br \/>\n&#8211; Consulta privada. 2008-hasta la actualidad<\/p>\n<p><strong>DOCENCIA<\/strong><br \/>\n&#8211; Osteopat\u00eda Craneal y Visceral al M\u00e1ster oficial de Osteopat\u00eda (EUG-UAB)<br \/>\n&#8211; Equipo de coordinaci\u00f3n del MO Osteopat\u00eda EUG[\/vc_column_text][\/vc_column][\/vc_row][vc_row][vc_column width=\u00bb1\/1&#8243;][vc_empty_space empty_h=\u00bb2&#8243;][\/vc_column][\/vc_row]<\/p>\n<\/div>","protected":false},"excerpt":{"rendered":"<p>[vc_row][vc_column width=\u00bb1\/1&#8243;][vc_empty_space empty_h=\u00bb1&#8243;][\/vc_column][\/vc_row][vc_row][vc_column width=\u00bb1\/1&#8243;][vc_single_image media=\u00bb84530&#8243; media_width_percent=\u00bb100&#8243; uncode_shortcode_id=\u00bb123348&#8243;][\/vc_column][\/vc_row][vc_row][vc_column width=\u00bb1\/1&#8243;][vc_custom_heading text_color=\u00bbcolor-202078&#8243; heading_semantic=\u00bbh3&#8243; text_font=\u00bbfont-566895&#8243; text_size=\u00bbh3&#8243;]Curr\u00edculum[\/vc_custom_heading][vc_column_text] Seherezade Torras Oste\u00f3pata y Fisioterapeuta &nbsp; T\u00cdTULOS: &#8211; [&hellip;]<\/p>\n","protected":false},"author":1,"featured_media":0,"parent":154399,"menu_order":0,"comment_status":"closed","ping_status":"closed","template":"","meta":{"footnotes":""},"class_list":["post-154494","page","type-page","status-publish","hentry"],"yoast_head":"<!-- This site is optimized with the Yoast SEO plugin v27.3 - https:\/\/yoast.com\/product\/yoast-seo-wordpress\/ -->\n<title>Seherezade Torras - El Sentre<\/title>\n<meta name=\"robots\" content=\"index, follow, max-snippet:-1, max-image-preview:large, max-video-preview:-1\" \/>\n<link rel=\"canonical\" href=\"https:\/\/www.elsentre.cat\/es\/equip\/seherezade-torras\/\" \/>\n<meta property=\"og:locale\" content=\"es_ES\" \/>\n<meta property=\"og:type\" content=\"article\" \/>\n<meta property=\"og:title\" content=\"Seherezade Torras - El Sentre\" \/>\n<meta property=\"og:description\" content=\"[vc_row][vc_column width=\u00bb1\/1&#8243;][vc_empty_space empty_h=\u00bb1&#8243;][\/vc_column][\/vc_row][vc_row][vc_column width=\u00bb1\/1&#8243;][vc_single_image media=\u00bb84530&#8243; media_width_percent=\u00bb100&#8243; uncode_shortcode_id=\u00bb123348&#8243;][\/vc_column][\/vc_row][vc_row][vc_column width=\u00bb1\/1&#8243;][vc_custom_heading text_color=\u00bbcolor-202078&#8243; heading_semantic=\u00bbh3&#8243; text_font=\u00bbfont-566895&#8243; text_size=\u00bbh3&#8243;]Curr\u00edculum[\/vc_custom_heading][vc_column_text] Seherezade Torras Oste\u00f3pata y Fisioterapeuta &nbsp; T\u00cdTULOS: &#8211; [&hellip;]\" \/>\n<meta property=\"og:url\" content=\"https:\/\/www.elsentre.cat\/es\/equip\/seherezade-torras\/\" \/>\n<meta property=\"og:site_name\" content=\"El Sentre\" \/>\n<meta property=\"article:modified_time\" content=\"2025-05-14T09:16:25+00:00\" \/>\n<meta name=\"twitter:card\" content=\"summary_large_image\" \/>\n<meta name=\"twitter:label1\" content=\"Tiempo de lectura\" \/>\n\t<meta name=\"twitter:data1\" content=\"2 minutos\" \/>\n<script type=\"application\/ld+json\" class=\"yoast-schema-graph\">{\"@context\":\"https:\\\/\\\/schema.org\",\"@graph\":[{\"@type\":\"WebPage\",\"@id\":\"https:\\\/\\\/www.elsentre.cat\\\/es\\\/equip\\\/seherezade-torras\\\/\",\"url\":\"https:\\\/\\\/www.elsentre.cat\\\/es\\\/equip\\\/seherezade-torras\\\/\",\"name\":\"Seherezade Torras - El Sentre\",\"isPartOf\":{\"@id\":\"https:\\\/\\\/www.elsentre.cat\\\/es\\\/#website\"},\"datePublished\":\"2020-04-02T10:10:16+00:00\",\"dateModified\":\"2025-05-14T09:16:25+00:00\",\"breadcrumb\":{\"@id\":\"https:\\\/\\\/www.elsentre.cat\\\/es\\\/equip\\\/seherezade-torras\\\/#breadcrumb\"},\"inLanguage\":\"es\",\"potentialAction\":[{\"@type\":\"ReadAction\",\"target\":[\"https:\\\/\\\/www.elsentre.cat\\\/es\\\/equip\\\/seherezade-torras\\\/\"]}]},{\"@type\":\"BreadcrumbList\",\"@id\":\"https:\\\/\\\/www.elsentre.cat\\\/es\\\/equip\\\/seherezade-torras\\\/#breadcrumb\",\"itemListElement\":[{\"@type\":\"ListItem\",\"position\":1,\"name\":\"Inici\",\"item\":\"https:\\\/\\\/www.elsentre.cat\\\/es\\\/\"},{\"@type\":\"ListItem\",\"position\":2,\"name\":\"Equipo\",\"item\":\"https:\\\/\\\/www.elsentre.cat\\\/es\\\/equip\\\/\"},{\"@type\":\"ListItem\",\"position\":3,\"name\":\"Seherezade Torras\"}]},{\"@type\":\"WebSite\",\"@id\":\"https:\\\/\\\/www.elsentre.cat\\\/es\\\/#website\",\"url\":\"https:\\\/\\\/www.elsentre.cat\\\/es\\\/\",\"name\":\"El Sentre\",\"description\":\"Salut personalitzada\",\"publisher\":{\"@id\":\"https:\\\/\\\/www.elsentre.cat\\\/es\\\/#organization\"},\"potentialAction\":[{\"@type\":\"SearchAction\",\"target\":{\"@type\":\"EntryPoint\",\"urlTemplate\":\"https:\\\/\\\/www.elsentre.cat\\\/es\\\/?s={search_term_string}\"},\"query-input\":{\"@type\":\"PropertyValueSpecification\",\"valueRequired\":true,\"valueName\":\"search_term_string\"}}],\"inLanguage\":\"es\"},{\"@type\":\"Organization\",\"@id\":\"https:\\\/\\\/www.elsentre.cat\\\/es\\\/#organization\",\"name\":\"El Sentre\",\"url\":\"https:\\\/\\\/www.elsentre.cat\\\/es\\\/\",\"logo\":{\"@type\":\"ImageObject\",\"inLanguage\":\"es\",\"@id\":\"https:\\\/\\\/www.elsentre.cat\\\/es\\\/#\\\/schema\\\/logo\\\/image\\\/\",\"url\":\"https:\\\/\\\/www.elsentre.cat\\\/wp-content\\\/uploads\\\/2020\\\/04\\\/cropped-favicon.png\",\"contentUrl\":\"https:\\\/\\\/www.elsentre.cat\\\/wp-content\\\/uploads\\\/2020\\\/04\\\/cropped-favicon.png\",\"width\":512,\"height\":512,\"caption\":\"El Sentre\"},\"image\":{\"@id\":\"https:\\\/\\\/www.elsentre.cat\\\/es\\\/#\\\/schema\\\/logo\\\/image\\\/\"},\"sameAs\":[\"https:\\\/\\\/www.instagram.com\\\/elsentre\\\/?hl=es\"]}]}<\/script>\n<!-- \/ Yoast SEO plugin. -->","yoast_head_json":{"title":"Seherezade Torras - El Sentre","robots":{"index":"index","follow":"follow","max-snippet":"max-snippet:-1","max-image-preview":"max-image-preview:large","max-video-preview":"max-video-preview:-1"},"canonical":"https:\/\/www.elsentre.cat\/es\/equip\/seherezade-torras\/","og_locale":"es_ES","og_type":"article","og_title":"Seherezade Torras - El Sentre","og_description":"[vc_row][vc_column width=\u00bb1\/1&#8243;][vc_empty_space empty_h=\u00bb1&#8243;][\/vc_column][\/vc_row][vc_row][vc_column width=\u00bb1\/1&#8243;][vc_single_image media=\u00bb84530&#8243; media_width_percent=\u00bb100&#8243; uncode_shortcode_id=\u00bb123348&#8243;][\/vc_column][\/vc_row][vc_row][vc_column width=\u00bb1\/1&#8243;][vc_custom_heading text_color=\u00bbcolor-202078&#8243; heading_semantic=\u00bbh3&#8243; text_font=\u00bbfont-566895&#8243; text_size=\u00bbh3&#8243;]Curr\u00edculum[\/vc_custom_heading][vc_column_text] Seherezade Torras Oste\u00f3pata y Fisioterapeuta &nbsp; T\u00cdTULOS: &#8211; [&hellip;]","og_url":"https:\/\/www.elsentre.cat\/es\/equip\/seherezade-torras\/","og_site_name":"El Sentre","article_modified_time":"2025-05-14T09:16:25+00:00","twitter_card":"summary_large_image","twitter_misc":{"Tiempo de lectura":"2 minutos"},"schema":{"@context":"https:\/\/schema.org","@graph":[{"@type":"WebPage","@id":"https:\/\/www.elsentre.cat\/es\/equip\/seherezade-torras\/","url":"https:\/\/www.elsentre.cat\/es\/equip\/seherezade-torras\/","name":"Seherezade Torras - El Sentre","isPartOf":{"@id":"https:\/\/www.elsentre.cat\/es\/#website"},"datePublished":"2020-04-02T10:10:16+00:00","dateModified":"2025-05-14T09:16:25+00:00","breadcrumb":{"@id":"https:\/\/www.elsentre.cat\/es\/equip\/seherezade-torras\/#breadcrumb"},"inLanguage":"es","potentialAction":[{"@type":"ReadAction","target":["https:\/\/www.elsentre.cat\/es\/equip\/seherezade-torras\/"]}]},{"@type":"BreadcrumbList","@id":"https:\/\/www.elsentre.cat\/es\/equip\/seherezade-torras\/#breadcrumb","itemListElement":[{"@type":"ListItem","position":1,"name":"Inici","item":"https:\/\/www.elsentre.cat\/es\/"},{"@type":"ListItem","position":2,"name":"Equipo","item":"https:\/\/www.elsentre.cat\/es\/equip\/"},{"@type":"ListItem","position":3,"name":"Seherezade Torras"}]},{"@type":"WebSite","@id":"https:\/\/www.elsentre.cat\/es\/#website","url":"https:\/\/www.elsentre.cat\/es\/","name":"El Sentre","description":"Salut personalitzada","publisher":{"@id":"https:\/\/www.elsentre.cat\/es\/#organization"},"potentialAction":[{"@type":"SearchAction","target":{"@type":"EntryPoint","urlTemplate":"https:\/\/www.elsentre.cat\/es\/?s={search_term_string}"},"query-input":{"@type":"PropertyValueSpecification","valueRequired":true,"valueName":"search_term_string"}}],"inLanguage":"es"},{"@type":"Organization","@id":"https:\/\/www.elsentre.cat\/es\/#organization","name":"El Sentre","url":"https:\/\/www.elsentre.cat\/es\/","logo":{"@type":"ImageObject","inLanguage":"es","@id":"https:\/\/www.elsentre.cat\/es\/#\/schema\/logo\/image\/","url":"https:\/\/www.elsentre.cat\/wp-content\/uploads\/2020\/04\/cropped-favicon.png","contentUrl":"https:\/\/www.elsentre.cat\/wp-content\/uploads\/2020\/04\/cropped-favicon.png","width":512,"height":512,"caption":"El Sentre"},"image":{"@id":"https:\/\/www.elsentre.cat\/es\/#\/schema\/logo\/image\/"},"sameAs":["https:\/\/www.instagram.com\/elsentre\/?hl=es"]}]}},"_links":{"self":[{"href":"https:\/\/www.elsentre.cat\/es\/wp-json\/wp\/v2\/pages\/154494","targetHints":{"allow":["GET"]}}],"collection":[{"href":"https:\/\/www.elsentre.cat\/es\/wp-json\/wp\/v2\/pages"}],"about":[{"href":"https:\/\/www.elsentre.cat\/es\/wp-json\/wp\/v2\/types\/page"}],"author":[{"embeddable":true,"href":"https:\/\/www.elsentre.cat\/es\/wp-json\/wp\/v2\/users\/1"}],"replies":[{"embeddable":true,"href":"https:\/\/www.elsentre.cat\/es\/wp-json\/wp\/v2\/comments?post=154494"}],"version-history":[{"count":0,"href":"https:\/\/www.elsentre.cat\/es\/wp-json\/wp\/v2\/pages\/154494\/revisions"}],"up":[{"embeddable":true,"href":"https:\/\/www.elsentre.cat\/es\/wp-json\/wp\/v2\/pages\/154399"}],"wp:attachment":[{"href":"https:\/\/www.elsentre.cat\/es\/wp-json\/wp\/v2\/media?parent=154494"}],"curies":[{"name":"wp","href":"https:\/\/api.w.org\/{rel}","templated":true}]}}