{"id":154399,"date":"2019-12-26T19:15:10","date_gmt":"2019-12-26T18:15:10","guid":{"rendered":"https:\/\/www.elsentre.cat\/equip\/"},"modified":"2025-05-14T12:14:30","modified_gmt":"2025-05-14T10:14:30","slug":"equip","status":"publish","type":"page","link":"https:\/\/www.elsentre.cat\/es\/equip\/","title":{"rendered":"Equipo"},"content":{"rendered":"<div class=\"wpb-content-wrapper\"><p>[vc_row row_height_percent=\u00bb0&#8243; overlay_alpha=\u00bb50&#8243; gutter_size=\u00bb3&#8243; column_width_percent=\u00bb100&#8243; shift_y=\u00bb0&#8243; z_index=\u00bb0&#8243; mobile_visibility=\u00bbyes\u00bb][vc_column column_width_percent=\u00bb100&#8243; align_horizontal=\u00bbalign_center\u00bb gutter_size=\u00bb3&#8243; overlay_alpha=\u00bb50&#8243; shift_x=\u00bb0&#8243; shift_y=\u00bb0&#8243; shift_y_down=\u00bb0&#8243; z_index=\u00bb0&#8243; medium_width=\u00bb0&#8243; mobile_width=\u00bb0&#8243; width=\u00bb1\/1&#8243; uncode_shortcode_id=\u00bb132955&#8243;][vc_empty_space empty_h=\u00bb1&#8243;][\/vc_column][\/vc_row][vc_row][vc_column width=\u00bb1\/3&#8243;][vc_single_image media=\u00bb112514&#8243; media_width_percent=\u00bb100&#8243; uncode_shortcode_id=\u00bb721479&#8243;][vc_column_text css=\u00bb.vc_custom_1589469653915{margin-top: 17px !important;}\u00bb]<span class=\"name_team\">Seherezade<\/span><br \/>\n<span class=\"name_team\">Torras<\/span><br \/>\n<span class=\"name_position\">Fisioterapeuta-Oste\u00f3pata<\/span><br \/>\n<span class=\"name_email\">M. 678 418 148<\/span><br \/>\n<span class=\"name_email\"><a href=\"mailto:osteopatiaifisioterapia@elsentre.cat\">osteopatiaifisioterapia@elsentre.cat<\/a><\/span><\/p>\n<p><span class=\"name_description\">Fisioterapeuta col. 3496-Oste\u00f3pata <\/span><br \/>\n<span class=\"name_description\">Ostepatia estructural, craneal biodin\u00e1mica y visceral. Reeducaci\u00f3n del suelo p\u00e9lvico <\/span>[\/vc_column_text][vc_button button_color=\u00bbcolor-202078&#8243; size=\u00bbbtn-sm\u00bb radius=\u00bbbtn-circle\u00bb border_animation=\u00bbbtn-ripple-in\u00bb border_width=\u00bb0&#8243; el_class=\u00bbbutton_top\u00bb link=\u00bburl:https%3A%2F%2Fwww.elsentre.cat%2Fes%2Fequip%2Fseherezade-torras%2F|target:_blank\u00bb button_color_type=\u00bbuncode-palette\u00bb uncode_shortcode_id=\u00bb202286&#8243;]curr\u00edculum[\/vc_button][\/vc_column][vc_column width=\u00bb1\/3&#8243;][vc_single_image media=\u00bb112530&#8243; media_width_percent=\u00bb100&#8243; uncode_shortcode_id=\u00bb208081&#8243;][vc_column_text css=\u00bb.vc_custom_1744730779035{margin-top: 17px !important;}\u00bb uncode_shortcode_id=\u00bb965523&#8243;]<span class=\"name_team\">Anna<\/span><br \/>\n<span class=\"name_team\">G\u00f3mez<\/span><br \/>\n<span class=\"name_position\">Dietista-Nutricionista<\/span><br \/>\n<span class=\"name_email\">M. 645 477 034<\/span><br \/>\n<span class=\"name_email\"><a href=\"mailto:dieteticainutricio@elsentre.cat\">dieteticainutricio@elsentre.cat<\/a><\/span><\/p>\n<p><span class=\"name_description\">Cineantropometria ISAK Nivel 1<\/span><br \/>\n<span class=\"name_description\"> Dieta personalizada.<\/span><br \/>\n<span class=\"name_description\">Diplomatura en Nutrici\u00f3n humana y diet\u00e9tica<\/span>[\/vc_column_text][vc_button button_color=\u00bbcolor-202078&#8243; size=\u00bbbtn-sm\u00bb radius=\u00bbbtn-circle\u00bb border_animation=\u00bbbtn-ripple-in\u00bb border_width=\u00bb0&#8243; el_class=\u00bbbutton_top\u00bb link=\u00bburl:https%3A%2F%2Fwww.elsentre.cat%2Fes%2Fequip%2Fanna-gomez%2F|target:_blank|\u00bb button_color_type=\u00bbuncode-palette\u00bb uncode_shortcode_id=\u00bb686426&#8243;]curr\u00edculum[\/vc_button][\/vc_column][vc_column width=\u00bb1\/3&#8243;][vc_single_image media=\u00bb83897&#8243; media_width_percent=\u00bb100&#8243;][vc_column_text css=\u00bb.vc_custom_1589469469636{margin-top: 17px !important;}\u00bb]<span class=\"name_team\">Jessica<\/span><br \/>\n<span class=\"name_team\">Mar\u00edn<\/span><br \/>\n<span class=\"name_position\">Logopeda<\/span><br \/>\n<span class=\"name_email\">M. 686 400 321<\/span><br \/>\n<span class=\"name_email\"><a href=\"mailto:logopedia@elsentre.cat\">logopedia@elsentre.cat<\/a><\/span><\/p>\n<p><span class=\"name_description\">Diplomatura de Logopedia (FUB) i Logopeda Col.3555. M\u00e1ster en Logopedia infantil (ISEP). <\/span>[\/vc_column_text][vc_button button_color=\u00bbcolor-202078&#8243; size=\u00bbbtn-sm\u00bb radius=\u00bbbtn-circle\u00bb border_animation=\u00bbbtn-ripple-in\u00bb border_width=\u00bb0&#8243; el_class=\u00bbbutton_top\u00bb link=\u00bburl:https%3A%2F%2Fwww.elsentre.cat%2Fes%2Fequip%2Fjessica-marin%2F|target:%20_blank|\u00bb]curr\u00edculum[\/vc_button][\/vc_column][\/vc_row][vc_row][vc_column width=\u00bb1\/3&#8243;][vc_single_image media=\u00bb112623&#8243; media_width_percent=\u00bb100&#8243; uncode_shortcode_id=\u00bb197834&#8243;][vc_column_text css=\u00bb.vc_custom_1747133839825{margin-top: 17px !important;}\u00bb uncode_shortcode_id=\u00bb186707&#8243;]<span class=\"name_team\">Maria<\/span><br \/>\n<span class=\"name_team\">Mas<\/span><br \/>\n<span class=\"name_position\">Fisioterapeuta<\/span><\/p>\n<p><span class=\"name_description\">Grado de fisioterapia .<br \/>\nTerapia de reequilibrio del aparato locomotor.(TRAL)<br \/>\nPilates.<\/span>[\/vc_column_text][vc_button button_color=\u00bbcolor-202078&#8243; size=\u00bbbtn-sm\u00bb radius=\u00bbbtn-circle\u00bb border_animation=\u00bbbtn-ripple-in\u00bb border_width=\u00bb0&#8243; el_class=\u00bbbutton_top\u00bb link=\u00bburl:https%3A%2F%2Fwww.elsentre.cat%2Fes%2Fequip%2Fmaria-mas%2F|target:_blank|\u00bb button_color_type=\u00bbuncode-palette\u00bb uncode_shortcode_id=\u00bb654498&#8243;]curr\u00edculum[\/vc_button][\/vc_column][vc_column width=\u00bb1\/3&#8243;][vc_single_image media=\u00bb112667&#8243; media_width_percent=\u00bb100&#8243; uncode_shortcode_id=\u00bb120960&#8243;][vc_column_text css=\u00bb.vc_custom_1744735599617{margin-top: 17px !important;}\u00bb uncode_shortcode_id=\u00bb486940&#8243;]<span class=\"name_team\">Judit<\/span><br \/>\n<span class=\"name_team\">Centelles<\/span><br \/>\n<span class=\"name_position\">Psic\u00f3loga educativa i Psicopedagoga<\/span><br \/>\n<span class=\"name_email\">M. 647 413 240<\/span><br \/>\n<span class=\"name_email\"><a href=\"mailto:psicoinfantil@elsentre.cat\">psicoinfantil@elsentre.cat<\/a><\/span><\/p>\n<p><span class=\"name_description\">Psic\u00f2loga col. 30.636<\/span><br \/>\n<span class=\"name_description\">M\u00e0ster en psicopedagogia.<\/span><br \/>\n<span class=\"name_description\">Psic\u00f2loga educativa.<\/span><br \/>\n[\/vc_column_text][vc_button button_color=\u00bbcolor-202078&#8243; size=\u00bbbtn-sm\u00bb radius=\u00bbbtn-circle\u00bb border_animation=\u00bbbtn-ripple-in\u00bb border_width=\u00bb0&#8243; el_class=\u00bbbutton_top\u00bb link=\u00bburl:https%3A%2F%2Fwww.elsentre.cat%2Fes%2Fequip%2Fjudit-centelles%2F|target:_blank|\u00bb button_color_type=\u00bbuncode-palette\u00bb uncode_shortcode_id=\u00bb993961&#8243;]curr\u00edculum[\/vc_button][\/vc_column][vc_column width=\u00bb1\/3&#8243;][vc_single_image media=\u00bb83901&#8243; media_width_percent=\u00bb100&#8243;][vc_column_text css=\u00bb.vc_custom_1589469608034{margin-top: 17px !important;}\u00bb]<span class=\"name_team\">Maria Andreu<\/span><br \/>\n<span class=\"name_team\">Sabat\u00e9<\/span><br \/>\n<span class=\"name_position\">Psic\u00f3loga<\/span><br \/>\n<span class=\"name_email\">M. 687 188 175<\/span><br \/>\n<span class=\"name_email\"><a href=\"mailto:psicoadults@elsentre.cat\">psicoadults@elsentre.cat<\/a><\/span><\/p>\n<p><span class=\"name_description\">Licenciada en Psicolog\u00eda (UAB) y Psic\u00f3loga Col. 15.491 (COPC) con reconocimiento sanitario. Especialista en Psicoterapia (Certificado Europsy de la EFPA). M\u00e1ster en An\u00e1lisis transaccional integrativo. <\/span>[\/vc_column_text][vc_button button_color=\u00bbcolor-202078&#8243; size=\u00bbbtn-sm\u00bb radius=\u00bbbtn-circle\u00bb border_animation=\u00bbbtn-ripple-in\u00bb border_width=\u00bb0&#8243; el_class=\u00bbbutton_top\u00bb link=\u00bburl:https%3A%2F%2Fwww.elsentre.cat%2Fes%2Fequip%2Fmandreu-sabate%2F|target:%20_blank|\u00bb]curr\u00edculum[\/vc_button][\/vc_column][\/vc_row][vc_row][vc_column width=\u00bb1\/3&#8243;][vc_single_image media=\u00bb84740&#8243; media_width_percent=\u00bb100&#8243; uncode_shortcode_id=\u00bb133476&#8243;][vc_column_text css=\u00bb.vc_custom_1744736729337{margin-top: 17px !important;}\u00bb uncode_shortcode_id=\u00bb538630&#8243;]<span class=\"name_team\">Eduard<\/span><br \/>\n<span class=\"name_team\">Verge<\/span><br \/>\n<span class=\"name_position\">Geront\u00f2leg Social<\/span><br \/>\n<span class=\"name_email\">M. 610 50 58 00<\/span><br \/>\n<span class=\"name_email\"><a href=\"mailto:psicoinfantil@elsentre.cat\">gerontologia@elsentre.cat<\/a><\/span><\/p>\n<p><span class=\"name_description\">Especialista en el proceso de envejecimiento<br \/>\nApoyo a familiares cuidadores<\/span>[\/vc_column_text][vc_button button_color=\u00bbcolor-202078&#8243; size=\u00bbbtn-sm\u00bb radius=\u00bbbtn-circle\u00bb border_animation=\u00bbbtn-ripple-in\u00bb border_width=\u00bb0&#8243; el_class=\u00bbbutton_top\u00bb link=\u00bburl:https%3A%2F%2Fwww.elsentre.cat%2Fes%2Fequip%2Feduard-verge%2F|target:_blank|\u00bb button_color_type=\u00bbuncode-palette\u00bb uncode_shortcode_id=\u00bb176818&#8243;]curr\u00edculum[\/vc_button][\/vc_column][vc_column width=\u00bb1\/3&#8243;][\/vc_column][vc_column width=\u00bb1\/3&#8243;][\/vc_column][\/vc_row][vc_row][vc_column width=\u00bb1\/1&#8243;][vc_empty_space empty_h=\u00bb2&#8243;][\/vc_column][\/vc_row]<\/p>\n<\/div>","protected":false},"excerpt":{"rendered":"<p>[vc_row row_height_percent=\u00bb0&#8243; overlay_alpha=\u00bb50&#8243; gutter_size=\u00bb3&#8243; column_width_percent=\u00bb100&#8243; shift_y=\u00bb0&#8243; z_index=\u00bb0&#8243; mobile_visibility=\u00bbyes\u00bb][vc_column column_width_percent=\u00bb100&#8243; align_horizontal=\u00bbalign_center\u00bb gutter_size=\u00bb3&#8243; overlay_alpha=\u00bb50&#8243; shift_x=\u00bb0&#8243; shift_y=\u00bb0&#8243; shift_y_down=\u00bb0&#8243; z_index=\u00bb0&#8243; medium_width=\u00bb0&#8243; mobile_width=\u00bb0&#8243; width=\u00bb1\/1&#8243; uncode_shortcode_id=\u00bb132955&#8243;][vc_empty_space [&hellip;]<\/p>\n","protected":false},"author":1,"featured_media":0,"parent":0,"menu_order":0,"comment_status":"closed","ping_status":"closed","template":"","meta":{"footnotes":""},"class_list":["post-154399","page","type-page","status-publish","hentry"],"yoast_head":"<!-- This site is optimized with the Yoast SEO plugin v27.3 - https:\/\/yoast.com\/product\/yoast-seo-wordpress\/ -->\n<title>Equipo - El Sentre<\/title>\n<meta name=\"robots\" content=\"index, follow, max-snippet:-1, max-image-preview:large, max-video-preview:-1\" \/>\n<link rel=\"canonical\" href=\"https:\/\/www.elsentre.cat\/es\/equip\/\" \/>\n<meta property=\"og:locale\" content=\"es_ES\" \/>\n<meta property=\"og:type\" content=\"article\" \/>\n<meta property=\"og:title\" content=\"Equipo - El Sentre\" \/>\n<meta property=\"og:description\" content=\"[vc_row row_height_percent=\u00bb0&#8243; overlay_alpha=\u00bb50&#8243; gutter_size=\u00bb3&#8243; column_width_percent=\u00bb100&#8243; shift_y=\u00bb0&#8243; z_index=\u00bb0&#8243; mobile_visibility=\u00bbyes\u00bb][vc_column column_width_percent=\u00bb100&#8243; align_horizontal=\u00bbalign_center\u00bb gutter_size=\u00bb3&#8243; overlay_alpha=\u00bb50&#8243; shift_x=\u00bb0&#8243; shift_y=\u00bb0&#8243; shift_y_down=\u00bb0&#8243; z_index=\u00bb0&#8243; medium_width=\u00bb0&#8243; mobile_width=\u00bb0&#8243; width=\u00bb1\/1&#8243; uncode_shortcode_id=\u00bb132955&#8243;][vc_empty_space [&hellip;]\" \/>\n<meta property=\"og:url\" content=\"https:\/\/www.elsentre.cat\/es\/equip\/\" \/>\n<meta property=\"og:site_name\" content=\"El Sentre\" \/>\n<meta property=\"article:modified_time\" content=\"2025-05-14T10:14:30+00:00\" \/>\n<meta name=\"twitter:card\" content=\"summary_large_image\" \/>\n<meta name=\"twitter:label1\" content=\"Tiempo de lectura\" \/>\n\t<meta name=\"twitter:data1\" content=\"4 minutos\" \/>\n<script type=\"application\/ld+json\" class=\"yoast-schema-graph\">{\"@context\":\"https:\\\/\\\/schema.org\",\"@graph\":[{\"@type\":\"WebPage\",\"@id\":\"https:\\\/\\\/www.elsentre.cat\\\/es\\\/equip\\\/\",\"url\":\"https:\\\/\\\/www.elsentre.cat\\\/es\\\/equip\\\/\",\"name\":\"Equipo - El Sentre\",\"isPartOf\":{\"@id\":\"https:\\\/\\\/www.elsentre.cat\\\/es\\\/#website\"},\"datePublished\":\"2019-12-26T18:15:10+00:00\",\"dateModified\":\"2025-05-14T10:14:30+00:00\",\"breadcrumb\":{\"@id\":\"https:\\\/\\\/www.elsentre.cat\\\/es\\\/equip\\\/#breadcrumb\"},\"inLanguage\":\"es\",\"potentialAction\":[{\"@type\":\"ReadAction\",\"target\":[\"https:\\\/\\\/www.elsentre.cat\\\/es\\\/equip\\\/\"]}]},{\"@type\":\"BreadcrumbList\",\"@id\":\"https:\\\/\\\/www.elsentre.cat\\\/es\\\/equip\\\/#breadcrumb\",\"itemListElement\":[{\"@type\":\"ListItem\",\"position\":1,\"name\":\"Inici\",\"item\":\"https:\\\/\\\/www.elsentre.cat\\\/es\\\/\"},{\"@type\":\"ListItem\",\"position\":2,\"name\":\"Equipo\"}]},{\"@type\":\"WebSite\",\"@id\":\"https:\\\/\\\/www.elsentre.cat\\\/es\\\/#website\",\"url\":\"https:\\\/\\\/www.elsentre.cat\\\/es\\\/\",\"name\":\"El Sentre\",\"description\":\"Salut personalitzada\",\"publisher\":{\"@id\":\"https:\\\/\\\/www.elsentre.cat\\\/es\\\/#organization\"},\"potentialAction\":[{\"@type\":\"SearchAction\",\"target\":{\"@type\":\"EntryPoint\",\"urlTemplate\":\"https:\\\/\\\/www.elsentre.cat\\\/es\\\/?s={search_term_string}\"},\"query-input\":{\"@type\":\"PropertyValueSpecification\",\"valueRequired\":true,\"valueName\":\"search_term_string\"}}],\"inLanguage\":\"es\"},{\"@type\":\"Organization\",\"@id\":\"https:\\\/\\\/www.elsentre.cat\\\/es\\\/#organization\",\"name\":\"El Sentre\",\"url\":\"https:\\\/\\\/www.elsentre.cat\\\/es\\\/\",\"logo\":{\"@type\":\"ImageObject\",\"inLanguage\":\"es\",\"@id\":\"https:\\\/\\\/www.elsentre.cat\\\/es\\\/#\\\/schema\\\/logo\\\/image\\\/\",\"url\":\"https:\\\/\\\/www.elsentre.cat\\\/wp-content\\\/uploads\\\/2020\\\/04\\\/cropped-favicon.png\",\"contentUrl\":\"https:\\\/\\\/www.elsentre.cat\\\/wp-content\\\/uploads\\\/2020\\\/04\\\/cropped-favicon.png\",\"width\":512,\"height\":512,\"caption\":\"El Sentre\"},\"image\":{\"@id\":\"https:\\\/\\\/www.elsentre.cat\\\/es\\\/#\\\/schema\\\/logo\\\/image\\\/\"},\"sameAs\":[\"https:\\\/\\\/www.instagram.com\\\/elsentre\\\/?hl=es\"]}]}<\/script>\n<!-- \/ Yoast SEO plugin. -->","yoast_head_json":{"title":"Equipo - El Sentre","robots":{"index":"index","follow":"follow","max-snippet":"max-snippet:-1","max-image-preview":"max-image-preview:large","max-video-preview":"max-video-preview:-1"},"canonical":"https:\/\/www.elsentre.cat\/es\/equip\/","og_locale":"es_ES","og_type":"article","og_title":"Equipo - El Sentre","og_description":"[vc_row row_height_percent=\u00bb0&#8243; overlay_alpha=\u00bb50&#8243; gutter_size=\u00bb3&#8243; column_width_percent=\u00bb100&#8243; shift_y=\u00bb0&#8243; z_index=\u00bb0&#8243; mobile_visibility=\u00bbyes\u00bb][vc_column column_width_percent=\u00bb100&#8243; align_horizontal=\u00bbalign_center\u00bb gutter_size=\u00bb3&#8243; overlay_alpha=\u00bb50&#8243; shift_x=\u00bb0&#8243; shift_y=\u00bb0&#8243; shift_y_down=\u00bb0&#8243; z_index=\u00bb0&#8243; medium_width=\u00bb0&#8243; mobile_width=\u00bb0&#8243; width=\u00bb1\/1&#8243; uncode_shortcode_id=\u00bb132955&#8243;][vc_empty_space [&hellip;]","og_url":"https:\/\/www.elsentre.cat\/es\/equip\/","og_site_name":"El Sentre","article_modified_time":"2025-05-14T10:14:30+00:00","twitter_card":"summary_large_image","twitter_misc":{"Tiempo de lectura":"4 minutos"},"schema":{"@context":"https:\/\/schema.org","@graph":[{"@type":"WebPage","@id":"https:\/\/www.elsentre.cat\/es\/equip\/","url":"https:\/\/www.elsentre.cat\/es\/equip\/","name":"Equipo - El Sentre","isPartOf":{"@id":"https:\/\/www.elsentre.cat\/es\/#website"},"datePublished":"2019-12-26T18:15:10+00:00","dateModified":"2025-05-14T10:14:30+00:00","breadcrumb":{"@id":"https:\/\/www.elsentre.cat\/es\/equip\/#breadcrumb"},"inLanguage":"es","potentialAction":[{"@type":"ReadAction","target":["https:\/\/www.elsentre.cat\/es\/equip\/"]}]},{"@type":"BreadcrumbList","@id":"https:\/\/www.elsentre.cat\/es\/equip\/#breadcrumb","itemListElement":[{"@type":"ListItem","position":1,"name":"Inici","item":"https:\/\/www.elsentre.cat\/es\/"},{"@type":"ListItem","position":2,"name":"Equipo"}]},{"@type":"WebSite","@id":"https:\/\/www.elsentre.cat\/es\/#website","url":"https:\/\/www.elsentre.cat\/es\/","name":"El Sentre","description":"Salut personalitzada","publisher":{"@id":"https:\/\/www.elsentre.cat\/es\/#organization"},"potentialAction":[{"@type":"SearchAction","target":{"@type":"EntryPoint","urlTemplate":"https:\/\/www.elsentre.cat\/es\/?s={search_term_string}"},"query-input":{"@type":"PropertyValueSpecification","valueRequired":true,"valueName":"search_term_string"}}],"inLanguage":"es"},{"@type":"Organization","@id":"https:\/\/www.elsentre.cat\/es\/#organization","name":"El Sentre","url":"https:\/\/www.elsentre.cat\/es\/","logo":{"@type":"ImageObject","inLanguage":"es","@id":"https:\/\/www.elsentre.cat\/es\/#\/schema\/logo\/image\/","url":"https:\/\/www.elsentre.cat\/wp-content\/uploads\/2020\/04\/cropped-favicon.png","contentUrl":"https:\/\/www.elsentre.cat\/wp-content\/uploads\/2020\/04\/cropped-favicon.png","width":512,"height":512,"caption":"El Sentre"},"image":{"@id":"https:\/\/www.elsentre.cat\/es\/#\/schema\/logo\/image\/"},"sameAs":["https:\/\/www.instagram.com\/elsentre\/?hl=es"]}]}},"_links":{"self":[{"href":"https:\/\/www.elsentre.cat\/es\/wp-json\/wp\/v2\/pages\/154399","targetHints":{"allow":["GET"]}}],"collection":[{"href":"https:\/\/www.elsentre.cat\/es\/wp-json\/wp\/v2\/pages"}],"about":[{"href":"https:\/\/www.elsentre.cat\/es\/wp-json\/wp\/v2\/types\/page"}],"author":[{"embeddable":true,"href":"https:\/\/www.elsentre.cat\/es\/wp-json\/wp\/v2\/users\/1"}],"replies":[{"embeddable":true,"href":"https:\/\/www.elsentre.cat\/es\/wp-json\/wp\/v2\/comments?post=154399"}],"version-history":[{"count":0,"href":"https:\/\/www.elsentre.cat\/es\/wp-json\/wp\/v2\/pages\/154399\/revisions"}],"wp:attachment":[{"href":"https:\/\/www.elsentre.cat\/es\/wp-json\/wp\/v2\/media?parent=154399"}],"curies":[{"name":"wp","href":"https:\/\/api.w.org\/{rel}","templated":true}]}}