{"id":153239,"date":"2019-12-26T13:04:15","date_gmt":"2019-12-26T12:04:15","guid":{"rendered":"https:\/\/www.elsentre.cat\/psicologia-infantil\/"},"modified":"2025-05-13T20:48:31","modified_gmt":"2025-05-13T18:48:31","slug":"psicologia-infantil","status":"publish","type":"page","link":"https:\/\/www.elsentre.cat\/es\/psicologia-infantil\/","title":{"rendered":"Psicolog\u00eda Infantil"},"content":{"rendered":"<div class=\"wpb-content-wrapper\"><p>[vc_row][vc_column width=\u00bb1\/1&#8243;][vc_empty_space empty_h=\u00bb2&#8243;][vc_icon position=\u00bbleft\u00bb icon_image=\u00bb83083&#8243; media_size=\u00bb68&#8243; text_size=\u00bbh2&#8243; text_weight=\u00bb600&#8243; text_height=\u00bbfontheight-179065&#8243; title=\u00bbPsicolog\u00eda infantil\u00bb]Diagn\u00f3stico y tratamiento[\/vc_icon][\/vc_column][\/vc_row][vc_row][vc_column width=\u00bb5\/6&#8243;][vc_column_text uncode_shortcode_id=\u00bb118017&#8243;]Soy psic\u00f3loga y psicopedagoga con una gran pasi\u00f3n por el acompa\u00f1amiento de los ni\u00f1os y ni\u00f1as en su proceso de aprendizaje y crecimiento personal. Adem\u00e1s de mi formaci\u00f3n como psic\u00f3loga y como psicopedagoga, tambi\u00e9n he cursado el grado en Educaci\u00f3n Social y el grado superior en Educaci\u00f3n Infantil, formaciones que me permiten ampliar mi perspectiva y comprender mejor las necesidades sociales, educativas y emocionales de los ni\u00f1os. El que m\u00e1s me gusta de mi trabajo es poder ayudarlos a superar los obst\u00e1culos que se pueden presentar durante esta etapa tan importante de su vida.<\/p>\n<p>Tengo un especial inter\u00e9s al abordar el mundo de las emociones, puesto que considero que la gesti\u00f3n emocional es fundamental para el bienestar de los ni\u00f1os y ni\u00f1as. A trav\u00e9s de la educaci\u00f3n emocional, ayudo a los ni\u00f1os a comprender sus emociones, a expresarlas de manera saludable y a desarrollar estrategias para afrontar las dificultades que pueden encontrarse en su d\u00eda a d\u00eda. Adem\u00e1s, trabajo las dificultades de aprendizaje en nivel educativo, dise\u00f1ando estrategias personalizadas para ayudarlos a superar sus retos acad\u00e9micos y a desarrollar todo su potencial. Mi motivaci\u00f3n es que cada ni\u00f1o y ni\u00f1a se sienta escuchado, acompa\u00f1ado y apoderado para gestionar sus sentimientos y mejorar su aprendizaje, cosa que los permite crecer de manera m\u00e1s segura y equilibrada, tanto a nivel personal como acad\u00e9mico.[\/vc_column_text][vc_empty_space empty_h=\u00bb3&#8243; medium_visibility=\u00bbyes\u00bb mobile_visibility=\u00bbyes\u00bb][vc_accordion active_tab=\u00bb0&#8243;][vc_accordion_tab title=\u00bb_ EN QUE CONSISTE LA PSICOTERAPIA INFANTIL Y JUVENIL?\u00bb tab_id=\u00bb1585669271-1-34&#8243;][vc_column_text uncode_shortcode_id=\u00bb111934&#8243;]La psicolog\u00eda no es solo un acompa\u00f1amiento emocional; es una ciencia que estudia como piensan, sienten y act\u00faan las personas en cada etapa de su ciclo vital. Gracias a t\u00e9cnicas basadas en evidencia cient\u00edfica, ayudamos los m\u00e1s j\u00f3venes y sus familias a superar desaf\u00edos, mejorar su bienestar emocional y aprender recursos y herramientas \u00fatiles para su vida personal o acad\u00e9mica.<\/p>\n<p>Confiamos siempre en enfoques validados por investigaciones cient\u00edficas, adaptados a las necesidades de cada ni\u00f1o o adolescente, como por ejemplo:<\/p>\n<ul>\n<li style=\"list-style-type: none;\">\n<ul>\n<li style=\"list-style-type: none;\">\n<ul>\n<li style=\"list-style-type: none;\">\n<ul>\n<li style=\"list-style-type: none;\">\n<ul>\n<li><strong>Terapia Cognitivo-Conductual (TCC)<\/strong><br \/>\nTrabajamos para identificar identificar y transformar pensamientos negativos o distorsionados y ense\u00f1amos estrategias para afrontar miedos, tristeza o gestionar los impulsos.<\/li>\n<li><strong>Psicoeducaci\u00f3n:<\/strong> Formamos a los ni\u00f1os y sus familias sobre sus emociones, comportamientos o diagn\u00f3sticos para que comprendan qu\u00e9 sucede y como gestionarlo.<\/li>\n<li><strong>Reeducaci\u00f3n del aprendizaje<\/strong><br \/>\nPartiendo de las dificultades espec\u00edficas de cada ni\u00f1o, es un proceso especializado dise\u00f1ado para ayudarlos a superar dificultades en \u00e1reas espec\u00edficas del aprendizaje, como la lectura, la escritura, el c\u00e1lculo o la atenci\u00f3n. No es refuerzo escolar, puesto que una psic\u00f3loga especializada en DIOSA (Dificultades Espec\u00edficas del Aprendizaje) trabajar\u00e1 las habilidades cognitivas y emocionales necesarias para aprender de manera m\u00e1s efectiva.<\/li>\n<li><strong>Juego Terap\u00e9utico<\/strong><br \/>\nLos ni\u00f1os expresan sus emociones a trav\u00e9s del juego, su forma m\u00e1s natural de comunicarse.<\/li>\n<li><strong>Mindfulness y T\u00e9cnicas de Relajaci\u00f3n<\/strong><br \/>\nEnse\u00f1amos estrategias para reducir el estr\u00e9s, la ansiedad y mejorar el autocontrol.<\/li>\n<\/ul>\n<\/li>\n<\/ul>\n<\/li>\n<\/ul>\n<\/li>\n<\/ul>\n<\/li>\n<\/ul>\n<p>Pero la psicoterapia infantil consiste en muchas cosas m\u00e1s; un psic\u00f3logo infantil, aparte de tener la carrera universitaria y formaci\u00f3n espec\u00edfica en psicopatolog\u00eda infantil, tendr\u00e1 que conocer qui\u00e9n s\u00f3nBluey, Sonic, Mario Bros, que hacen Frozeno Spiderman&#8230; Y cuando el paciente es adolescente tenemos que conocer bien como funciona Instagram, TikTok, que significa ser popular, por qu\u00e9 impactan tanto los youtubers o influencers, etc.<\/p>\n<p>Y esto por qu\u00e9? Porque este es el mundo que el ni\u00f1o n o joven nos llevar\u00e1 a consulta. El juego es una cosa muy seria para un ni\u00f1o y las relaciones sociales son b\u00e1sicas en la adolescencia. Tenemos que mostrar un total respeto por sus cosas, del mismo modo que le mostrar\u00edamos a un adulto cuando nos habla del suyos problemas al trabajo.<\/p>\n<p>Todo esto en un ambiente seguro y sin juicios. Al Sentre, los ni\u00f1os y adolescentes pueden ser ellos y ellas mismas.<\/p>\n<ul>\n<li style=\"list-style-type: none;\">\n<ul>\n<li style=\"list-style-type: none;\">\n<ul>\n<li style=\"list-style-type: none;\">\n<ul>\n<li style=\"list-style-type: none;\"><\/li>\n<\/ul>\n<\/li>\n<\/ul>\n<\/li>\n<\/ul>\n<\/li>\n<\/ul>\n<p>[\/vc_column_text][\/vc_accordion_tab][vc_accordion_tab gutter_size=\u00bb2&#8243; column_padding=\u00bb2&#8243; title=\u00bb_ EN QUE TE PODEMOS AYUDAR?\u00bb tab_id=\u00bb1585669271-2-12&#8243;][vc_column_text uncode_shortcode_id=\u00bb104655&#8243;]<\/p>\n<ul>\n<li style=\"list-style-type: none;\">\n<ul>\n<li style=\"list-style-type: none;\">\n<ul>\n<li>Dificultades emocionales: ansiedad, depresi\u00f3n, baja autoestima, Trastorno Obsesivo Compulsivo&#8230;<\/li>\n<li>Trastornos del aprendizaje: dislexia, discalculia, disgraf\u00eda, retraso en el aprendizaje&#8230;<\/li>\n<li>Trastorns i problemes de conducta: rabietes, explosions de r\u00e0bia, agressivitat, retra\u00efment\u2026<\/li>\n<li>Cambios en la familia: divorcio, mudanza, cambio de amistades, p\u00e9rdida de alg\u00fan familiar, amigo o mascota&#8230;<\/li>\n<li>Trastornos del espectro autista<\/li>\n<li>Dificultades sociales:, aislamiento, evitaci\u00f3n, bullying&#8230;<\/li>\n<li>Trastornos de la conducta alimentaria<\/li>\n<\/ul>\n<\/li>\n<\/ul>\n<\/li>\n<\/ul>\n<p>[\/vc_column_text][\/vc_accordion_tab][\/vc_accordion][\/vc_column][vc_column column_width_percent=\u00bb100&#8243; position_vertical=\u00bbmiddle\u00bb gutter_size=\u00bb3&#8243; overlay_alpha=\u00bb50&#8243; shift_x=\u00bb0&#8243; shift_y=\u00bb0&#8243; shift_y_down=\u00bb0&#8243; z_index=\u00bb0&#8243; medium_width=\u00bb0&#8243; mobile_width=\u00bb0&#8243; width=\u00bb1\/6&#8243;][vc_single_image media=\u00bb84697&#8243; media_width_percent=\u00bb100&#8243; uncode_shortcode_id=\u00bb110792&#8243;][vc_custom_heading separator_color=\u00bbyes\u00bb separator=\u00bbyes\u00bb subheading=\u00bbPsic\u00f3loga educativa y Psicopedagoga<\/p>\n<p>col. 30.636<br \/>\nM\u00e1ster en psicopedagog\u00eda.<br \/>\nEducadora infantil y social.<br \/>\nDiagn\u00f3stico y tratamiento en dificultades de aprendizaje.<br \/>\nAcompa\u00f1amiento emocional a ni\u00f1os y familias.<br \/>\nFormaci\u00f3n en detecci\u00f3n y diagn\u00f3stico de dislexia.\u00bb uncode_shortcode_id=\u00bb466481&#8243; text_color_type=\u00bbuncode-palette\u00bb text_color_solid=\u00bb#ff0000&#8243;]Judit Centelles[\/vc_custom_heading][vc_button button_color=\u00bbcolor-202078&#8243; radius=\u00bbbtn-circle\u00bb border_animation=\u00bbbtn-ripple-in\u00bb border_width=\u00bb0&#8243; link=\u00bburl:https%3A%2F%2Fwww.elsentre.cat%2Fequip%2Fjudit-centelles%2F|target:_blank|\u00bb button_color_type=\u00bbuncode-palette\u00bb uncode_shortcode_id=\u00bb121640&#8243;]curr\u00edculum[\/vc_button][\/vc_column][\/vc_row][vc_row][vc_column width=\u00bb1\/1&#8243;][vc_empty_space empty_h=\u00bb2&#8243;][\/vc_column][\/vc_row][vc_row][vc_column][vc_column_text]<\/p>\n<p>[\/vc_column_text][\/vc_column][\/vc_row][vc_row][vc_column][vc_column_text]<\/p>\n<p>[\/vc_column_text][\/vc_column][\/vc_row]<\/p>\n<\/div>","protected":false},"excerpt":{"rendered":"<p>[vc_row][vc_column width=\u00bb1\/1&#8243;][vc_empty_space empty_h=\u00bb2&#8243;][vc_icon position=\u00bbleft\u00bb icon_image=\u00bb83083&#8243; media_size=\u00bb68&#8243; text_size=\u00bbh2&#8243; text_weight=\u00bb600&#8243; text_height=\u00bbfontheight-179065&#8243; title=\u00bbPsicolog\u00eda infantil\u00bb]Diagn\u00f3stico y tratamiento[\/vc_icon][\/vc_column][\/vc_row][vc_row][vc_column width=\u00bb5\/6&#8243;][vc_column_text uncode_shortcode_id=\u00bb118017&#8243;]Soy psic\u00f3loga y psicopedagoga con una [&hellip;]<\/p>\n","protected":false},"author":1,"featured_media":0,"parent":0,"menu_order":0,"comment_status":"closed","ping_status":"closed","template":"","meta":{"footnotes":""},"class_list":["post-153239","page","type-page","status-publish","hentry"],"yoast_head":"<!-- This site is optimized with the Yoast SEO plugin v27.3 - https:\/\/yoast.com\/product\/yoast-seo-wordpress\/ -->\n<title>Psicolog\u00eda Infantil - El Sentre<\/title>\n<meta name=\"robots\" content=\"index, follow, max-snippet:-1, max-image-preview:large, max-video-preview:-1\" \/>\n<link rel=\"canonical\" href=\"https:\/\/www.elsentre.cat\/es\/psicologia-infantil\/\" \/>\n<meta property=\"og:locale\" content=\"es_ES\" \/>\n<meta property=\"og:type\" content=\"article\" \/>\n<meta property=\"og:title\" content=\"Psicolog\u00eda Infantil - El Sentre\" \/>\n<meta property=\"og:description\" content=\"[vc_row][vc_column width=\u00bb1\/1&#8243;][vc_empty_space empty_h=\u00bb2&#8243;][vc_icon position=\u00bbleft\u00bb icon_image=\u00bb83083&#8243; media_size=\u00bb68&#8243; text_size=\u00bbh2&#8243; text_weight=\u00bb600&#8243; text_height=\u00bbfontheight-179065&#8243; title=\u00bbPsicolog\u00eda infantil\u00bb]Diagn\u00f3stico y tratamiento[\/vc_icon][\/vc_column][\/vc_row][vc_row][vc_column width=\u00bb5\/6&#8243;][vc_column_text uncode_shortcode_id=\u00bb118017&#8243;]Soy psic\u00f3loga y psicopedagoga con una [&hellip;]\" \/>\n<meta property=\"og:url\" content=\"https:\/\/www.elsentre.cat\/es\/psicologia-infantil\/\" \/>\n<meta property=\"og:site_name\" content=\"El Sentre\" \/>\n<meta property=\"article:modified_time\" content=\"2025-05-13T18:48:31+00:00\" \/>\n<meta name=\"twitter:card\" content=\"summary_large_image\" \/>\n<meta name=\"twitter:label1\" content=\"Tiempo de lectura\" \/>\n\t<meta name=\"twitter:data1\" content=\"5 minutos\" \/>\n<script type=\"application\/ld+json\" class=\"yoast-schema-graph\">{\"@context\":\"https:\\\/\\\/schema.org\",\"@graph\":[{\"@type\":\"WebPage\",\"@id\":\"https:\\\/\\\/www.elsentre.cat\\\/es\\\/psicologia-infantil\\\/\",\"url\":\"https:\\\/\\\/www.elsentre.cat\\\/es\\\/psicologia-infantil\\\/\",\"name\":\"Psicolog\u00eda Infantil - El Sentre\",\"isPartOf\":{\"@id\":\"https:\\\/\\\/www.elsentre.cat\\\/es\\\/#website\"},\"datePublished\":\"2019-12-26T12:04:15+00:00\",\"dateModified\":\"2025-05-13T18:48:31+00:00\",\"breadcrumb\":{\"@id\":\"https:\\\/\\\/www.elsentre.cat\\\/es\\\/psicologia-infantil\\\/#breadcrumb\"},\"inLanguage\":\"es\",\"potentialAction\":[{\"@type\":\"ReadAction\",\"target\":[\"https:\\\/\\\/www.elsentre.cat\\\/es\\\/psicologia-infantil\\\/\"]}]},{\"@type\":\"BreadcrumbList\",\"@id\":\"https:\\\/\\\/www.elsentre.cat\\\/es\\\/psicologia-infantil\\\/#breadcrumb\",\"itemListElement\":[{\"@type\":\"ListItem\",\"position\":1,\"name\":\"Inici\",\"item\":\"https:\\\/\\\/www.elsentre.cat\\\/es\\\/\"},{\"@type\":\"ListItem\",\"position\":2,\"name\":\"Psicolog\u00eda Infantil\"}]},{\"@type\":\"WebSite\",\"@id\":\"https:\\\/\\\/www.elsentre.cat\\\/es\\\/#website\",\"url\":\"https:\\\/\\\/www.elsentre.cat\\\/es\\\/\",\"name\":\"El Sentre\",\"description\":\"Salut personalitzada\",\"publisher\":{\"@id\":\"https:\\\/\\\/www.elsentre.cat\\\/es\\\/#organization\"},\"potentialAction\":[{\"@type\":\"SearchAction\",\"target\":{\"@type\":\"EntryPoint\",\"urlTemplate\":\"https:\\\/\\\/www.elsentre.cat\\\/es\\\/?s={search_term_string}\"},\"query-input\":{\"@type\":\"PropertyValueSpecification\",\"valueRequired\":true,\"valueName\":\"search_term_string\"}}],\"inLanguage\":\"es\"},{\"@type\":\"Organization\",\"@id\":\"https:\\\/\\\/www.elsentre.cat\\\/es\\\/#organization\",\"name\":\"El Sentre\",\"url\":\"https:\\\/\\\/www.elsentre.cat\\\/es\\\/\",\"logo\":{\"@type\":\"ImageObject\",\"inLanguage\":\"es\",\"@id\":\"https:\\\/\\\/www.elsentre.cat\\\/es\\\/#\\\/schema\\\/logo\\\/image\\\/\",\"url\":\"https:\\\/\\\/www.elsentre.cat\\\/wp-content\\\/uploads\\\/2020\\\/04\\\/cropped-favicon.png\",\"contentUrl\":\"https:\\\/\\\/www.elsentre.cat\\\/wp-content\\\/uploads\\\/2020\\\/04\\\/cropped-favicon.png\",\"width\":512,\"height\":512,\"caption\":\"El Sentre\"},\"image\":{\"@id\":\"https:\\\/\\\/www.elsentre.cat\\\/es\\\/#\\\/schema\\\/logo\\\/image\\\/\"},\"sameAs\":[\"https:\\\/\\\/www.instagram.com\\\/elsentre\\\/?hl=es\"]}]}<\/script>\n<!-- \/ Yoast SEO plugin. -->","yoast_head_json":{"title":"Psicolog\u00eda Infantil - El Sentre","robots":{"index":"index","follow":"follow","max-snippet":"max-snippet:-1","max-image-preview":"max-image-preview:large","max-video-preview":"max-video-preview:-1"},"canonical":"https:\/\/www.elsentre.cat\/es\/psicologia-infantil\/","og_locale":"es_ES","og_type":"article","og_title":"Psicolog\u00eda Infantil - El Sentre","og_description":"[vc_row][vc_column width=\u00bb1\/1&#8243;][vc_empty_space empty_h=\u00bb2&#8243;][vc_icon position=\u00bbleft\u00bb icon_image=\u00bb83083&#8243; media_size=\u00bb68&#8243; text_size=\u00bbh2&#8243; text_weight=\u00bb600&#8243; text_height=\u00bbfontheight-179065&#8243; title=\u00bbPsicolog\u00eda infantil\u00bb]Diagn\u00f3stico y tratamiento[\/vc_icon][\/vc_column][\/vc_row][vc_row][vc_column width=\u00bb5\/6&#8243;][vc_column_text uncode_shortcode_id=\u00bb118017&#8243;]Soy psic\u00f3loga y psicopedagoga con una [&hellip;]","og_url":"https:\/\/www.elsentre.cat\/es\/psicologia-infantil\/","og_site_name":"El Sentre","article_modified_time":"2025-05-13T18:48:31+00:00","twitter_card":"summary_large_image","twitter_misc":{"Tiempo de lectura":"5 minutos"},"schema":{"@context":"https:\/\/schema.org","@graph":[{"@type":"WebPage","@id":"https:\/\/www.elsentre.cat\/es\/psicologia-infantil\/","url":"https:\/\/www.elsentre.cat\/es\/psicologia-infantil\/","name":"Psicolog\u00eda Infantil - El Sentre","isPartOf":{"@id":"https:\/\/www.elsentre.cat\/es\/#website"},"datePublished":"2019-12-26T12:04:15+00:00","dateModified":"2025-05-13T18:48:31+00:00","breadcrumb":{"@id":"https:\/\/www.elsentre.cat\/es\/psicologia-infantil\/#breadcrumb"},"inLanguage":"es","potentialAction":[{"@type":"ReadAction","target":["https:\/\/www.elsentre.cat\/es\/psicologia-infantil\/"]}]},{"@type":"BreadcrumbList","@id":"https:\/\/www.elsentre.cat\/es\/psicologia-infantil\/#breadcrumb","itemListElement":[{"@type":"ListItem","position":1,"name":"Inici","item":"https:\/\/www.elsentre.cat\/es\/"},{"@type":"ListItem","position":2,"name":"Psicolog\u00eda Infantil"}]},{"@type":"WebSite","@id":"https:\/\/www.elsentre.cat\/es\/#website","url":"https:\/\/www.elsentre.cat\/es\/","name":"El Sentre","description":"Salut personalitzada","publisher":{"@id":"https:\/\/www.elsentre.cat\/es\/#organization"},"potentialAction":[{"@type":"SearchAction","target":{"@type":"EntryPoint","urlTemplate":"https:\/\/www.elsentre.cat\/es\/?s={search_term_string}"},"query-input":{"@type":"PropertyValueSpecification","valueRequired":true,"valueName":"search_term_string"}}],"inLanguage":"es"},{"@type":"Organization","@id":"https:\/\/www.elsentre.cat\/es\/#organization","name":"El Sentre","url":"https:\/\/www.elsentre.cat\/es\/","logo":{"@type":"ImageObject","inLanguage":"es","@id":"https:\/\/www.elsentre.cat\/es\/#\/schema\/logo\/image\/","url":"https:\/\/www.elsentre.cat\/wp-content\/uploads\/2020\/04\/cropped-favicon.png","contentUrl":"https:\/\/www.elsentre.cat\/wp-content\/uploads\/2020\/04\/cropped-favicon.png","width":512,"height":512,"caption":"El Sentre"},"image":{"@id":"https:\/\/www.elsentre.cat\/es\/#\/schema\/logo\/image\/"},"sameAs":["https:\/\/www.instagram.com\/elsentre\/?hl=es"]}]}},"_links":{"self":[{"href":"https:\/\/www.elsentre.cat\/es\/wp-json\/wp\/v2\/pages\/153239","targetHints":{"allow":["GET"]}}],"collection":[{"href":"https:\/\/www.elsentre.cat\/es\/wp-json\/wp\/v2\/pages"}],"about":[{"href":"https:\/\/www.elsentre.cat\/es\/wp-json\/wp\/v2\/types\/page"}],"author":[{"embeddable":true,"href":"https:\/\/www.elsentre.cat\/es\/wp-json\/wp\/v2\/users\/1"}],"replies":[{"embeddable":true,"href":"https:\/\/www.elsentre.cat\/es\/wp-json\/wp\/v2\/comments?post=153239"}],"version-history":[{"count":0,"href":"https:\/\/www.elsentre.cat\/es\/wp-json\/wp\/v2\/pages\/153239\/revisions"}],"wp:attachment":[{"href":"https:\/\/www.elsentre.cat\/es\/wp-json\/wp\/v2\/media?parent=153239"}],"curies":[{"name":"wp","href":"https:\/\/api.w.org\/{rel}","templated":true}]}}