{"id":153173,"date":"2019-12-26T11:43:53","date_gmt":"2019-12-26T10:43:53","guid":{"rendered":"https:\/\/www.elsentre.cat\/logopedia\/"},"modified":"2025-05-13T20:25:31","modified_gmt":"2025-05-13T18:25:31","slug":"logopedia","status":"publish","type":"page","link":"https:\/\/www.elsentre.cat\/es\/logopedia\/","title":{"rendered":"Logopedia"},"content":{"rendered":"<div class=\"wpb-content-wrapper\"><p>[vc_row][vc_column width=\u00bb1\/1&#8243;][vc_empty_space empty_h=\u00bb2&#8243;][vc_icon position=\u00bbleft\u00bb icon_image=\u00bb83654&#8243; media_size=\u00bb68&#8243; text_size=\u00bbh2&#8243; text_weight=\u00bb600&#8243; text_height=\u00bbfontheight-179065&#8243; title=\u00bbLogopedia\u00bb]Educaci\u00f3n de la palabra[\/vc_icon][\/vc_column][\/vc_row][vc_row][vc_column width=\u00bb5\/6&#8243;][vc_column_text]Me llamo Jessica, soy Logopeda desde hace 10 a\u00f1os y cada d\u00eda que pasa me apasiona m\u00e1s mi trabajo y aprendo m\u00e1s de \u00e9l. Todav\u00eda muchas personas no tienen claro qu\u00e9 es un logopeda, muchas veces lo definen como: la persona que te ense\u00f1a a hablar bien?? a pronunciar la r??&#8230;pero realmente un logopeda hace mucho m\u00e1s del que se conoce popularmente.<\/p>\n<p>La definici\u00f3n oficial de la logopedia es la disciplina que se encarga de la prevenci\u00f3n, evaluaci\u00f3n y tratamiento de los trastornos de la comunicaci\u00f3n humana, manifestados a partir de patolog\u00edas y alteraciones de la voz, el habla, el lenguaje (oral, escrito y gestual), la audici\u00f3n y las funciones orofaciales (respiraci\u00f3n, masticaci\u00f3n y degluci\u00f3n) tanto en poblaci\u00f3n infantil como adulta.<\/p>\n<p>Quiz\u00e1s esta definici\u00f3n es demasiada t\u00e9cnica y no queda clara, pero sorprende saber que un logopeda puede ayudar a poder volver a disfrutar de la comida, a explicar todo el que se desea, a volver las palabras, a comunicarse sin lenguaje, a descubrir los ruidos, los sonidos, las palabras, a volver a cantar, a recuperar y aprender a utilizar la voz, a leer , a comprender el que se lee, a escribir muchas historias y sobre todo a disfrutar y a conseguir hacer las tareas que comporten una dificultad en todos estos \u00e1mbitos que muchas personas creen que no podr\u00e1n llegar a conseguir.<\/p>\n<p><strong>\u00bfVerdad que se entiende mucho mejor con esta definici\u00f3n?<\/strong><\/p>\n<p>Por lo tanto, siempre que lo necesit\u00e1is, os puedo ayudar con la evaluaci\u00f3n, diagn\u00f3stico y tratamiento de:[\/vc_column_text][vc_empty_space empty_h=\u00bb1&#8243;][vc_custom_heading heading_semantic=\u00bbh4&#8243; text_size=\u00bbh3&#8243; separator_color=\u00bbyes\u00bb separator=\u00bbyes\u00bb]EVALUACI\u00d3N, DIAGN\u00d3STICO Y TRATAMIENTO[\/vc_custom_heading][uncode_list icon=\u00bbfa fa-minus\u00bb icon_color=\u00bbcolor-202078&#8243;]<\/p>\n<ul>\n<li>NI\u00d1OS, ADOLESCENTES Y ADULTOS<\/li>\n<\/ul>\n<p>[\/uncode_list][uncode_list icon=\u00bbfa fa-circle\u00bb icon_color=\u00bbcolor-202078&#8243;]<\/p>\n<ul>\n<li style=\"list-style-type: none;\">\n<ul>\n<li>Alteraciones del habla: dislalias, retraso del habla<\/li>\n<li>Trastorno espec\u00edfico del lenguaje (TEL)<\/li>\n<li>Alteraciones de la voz: disfon\u00edas funcionales y org\u00e1nicas, alteraciones del ritmo y fluencia: disfemia y taquifemia<\/li>\n<li>Degluci\u00f3n at\u00edpica y respiraci\u00f3n oral<\/li>\n<li>Alteraciones de la lectura y la escritura: dislexia, disortograf\u00eda y disgraf\u00eda. Mec\u00e1nica, velocidad y comprensi\u00f3n lectora<\/li>\n<li>Sordera: lectura labial, vocalizaci\u00f3n y escritura<\/li>\n<li>T\u00e9cnicas de estudio<\/li>\n<\/ul>\n<\/li>\n<\/ul>\n<p>[\/uncode_list][uncode_list icon=\u00bbfa fa-minus\u00bb icon_color=\u00bbcolor-202078&#8243;]<\/p>\n<ul>\n<li>ADULTOS Y GENTE MAYOR:<\/li>\n<\/ul>\n<p>[\/uncode_list][uncode_list icon=\u00bbfa fa-circle\u00bb icon_color=\u00bbcolor-202078&#8243;]<\/p>\n<ul>\n<li style=\"list-style-type: none;\">\n<ul>\n<li>Demencias, Parkinson, Alzheimer<\/li>\n<li>Estimulaci\u00f3n de la memoria<\/li>\n<li>Alteraciones de la voz: disfon\u00edas funcionales y org\u00e1nicas, alteraciones del ritmo y fluencia: disfemia y taquifemia<\/li>\n<li>Alteraciones neurol\u00f3gicas adquiridas: afasias, disartrias, disfagia<\/li>\n<li>Estimulaci\u00f3n de funciones superiores<\/li>\n<li>Sordera: lectura labial, vocalizaci\u00f3n y escritura<\/li>\n<\/ul>\n<\/li>\n<\/ul>\n<p>[\/uncode_list][\/vc_column][vc_column column_width_percent=\u00bb100&#8243; gutter_size=\u00bb3&#8243; overlay_alpha=\u00bb50&#8243; shift_x=\u00bb0&#8243; shift_y=\u00bb0&#8243; shift_y_down=\u00bb0&#8243; z_index=\u00bb0&#8243; medium_width=\u00bb0&#8243; mobile_width=\u00bb0&#8243; width=\u00bb1\/6&#8243;][vc_single_image media=\u00bb83657&#8243; media_width_percent=\u00bb100&#8243;][vc_custom_heading separator_color=\u00bbyes\u00bb separator=\u00bbyes\u00bb subheading=\u00bbLogopeda<\/p>\n<p>Diplomatura de Logopedia (FUB) i Logopeda Col.3555.<br \/>\nM\u00e1ster en Logopedia infantil (ISEP).\u00bb uncode_shortcode_id=\u00bb143431&#8243; text_color_type=\u00bbuncode-palette\u00bb text_color_solid=\u00bb#ff0000&#8243;]Jessica Mar\u00edn[\/vc_custom_heading][vc_button button_color=\u00bbcolor-202078&#8243; radius=\u00bbbtn-circle\u00bb border_animation=\u00bbbtn-ripple-in\u00bb border_width=\u00bb0&#8243; link=\u00bburl:https%3A%2F%2Fwww.elsentre.cat%2Fequip%2Fjessica-marin%2F|target:%20_blank|\u00bb]curr\u00edculum[\/vc_button][\/vc_column][\/vc_row][vc_row][vc_column width=\u00bb1\/1&#8243;][vc_empty_space empty_h=\u00bb2&#8243;][\/vc_column][\/vc_row]<\/p>\n<\/div>","protected":false},"excerpt":{"rendered":"<p>[vc_row][vc_column width=\u00bb1\/1&#8243;][vc_empty_space empty_h=\u00bb2&#8243;][vc_icon position=\u00bbleft\u00bb icon_image=\u00bb83654&#8243; media_size=\u00bb68&#8243; text_size=\u00bbh2&#8243; text_weight=\u00bb600&#8243; text_height=\u00bbfontheight-179065&#8243; title=\u00bbLogopedia\u00bb]Educaci\u00f3n de la palabra[\/vc_icon][\/vc_column][\/vc_row][vc_row][vc_column width=\u00bb5\/6&#8243;][vc_column_text]Me llamo Jessica, soy Logopeda desde hace [&hellip;]<\/p>\n","protected":false},"author":1,"featured_media":0,"parent":0,"menu_order":0,"comment_status":"closed","ping_status":"closed","template":"","meta":{"footnotes":""},"class_list":["post-153173","page","type-page","status-publish","hentry"],"yoast_head":"<!-- This site is optimized with the Yoast SEO plugin v27.3 - https:\/\/yoast.com\/product\/yoast-seo-wordpress\/ -->\n<title>Logopedia - El Sentre<\/title>\n<meta name=\"robots\" content=\"index, follow, max-snippet:-1, max-image-preview:large, max-video-preview:-1\" \/>\n<link rel=\"canonical\" href=\"https:\/\/www.elsentre.cat\/es\/logopedia\/\" \/>\n<meta property=\"og:locale\" content=\"es_ES\" \/>\n<meta property=\"og:type\" content=\"article\" \/>\n<meta property=\"og:title\" content=\"Logopedia - El Sentre\" \/>\n<meta property=\"og:description\" content=\"[vc_row][vc_column width=\u00bb1\/1&#8243;][vc_empty_space empty_h=\u00bb2&#8243;][vc_icon position=\u00bbleft\u00bb icon_image=\u00bb83654&#8243; media_size=\u00bb68&#8243; text_size=\u00bbh2&#8243; text_weight=\u00bb600&#8243; text_height=\u00bbfontheight-179065&#8243; title=\u00bbLogopedia\u00bb]Educaci\u00f3n de la palabra[\/vc_icon][\/vc_column][\/vc_row][vc_row][vc_column width=\u00bb5\/6&#8243;][vc_column_text]Me llamo Jessica, soy Logopeda desde hace [&hellip;]\" \/>\n<meta property=\"og:url\" content=\"https:\/\/www.elsentre.cat\/es\/logopedia\/\" \/>\n<meta property=\"og:site_name\" content=\"El Sentre\" \/>\n<meta property=\"article:modified_time\" content=\"2025-05-13T18:25:31+00:00\" \/>\n<meta name=\"twitter:card\" content=\"summary_large_image\" \/>\n<meta name=\"twitter:label1\" content=\"Tiempo de lectura\" \/>\n\t<meta name=\"twitter:data1\" content=\"3 minutos\" \/>\n<script type=\"application\/ld+json\" class=\"yoast-schema-graph\">{\"@context\":\"https:\\\/\\\/schema.org\",\"@graph\":[{\"@type\":\"WebPage\",\"@id\":\"https:\\\/\\\/www.elsentre.cat\\\/es\\\/logopedia\\\/\",\"url\":\"https:\\\/\\\/www.elsentre.cat\\\/es\\\/logopedia\\\/\",\"name\":\"Logopedia - El Sentre\",\"isPartOf\":{\"@id\":\"https:\\\/\\\/www.elsentre.cat\\\/es\\\/#website\"},\"datePublished\":\"2019-12-26T10:43:53+00:00\",\"dateModified\":\"2025-05-13T18:25:31+00:00\",\"breadcrumb\":{\"@id\":\"https:\\\/\\\/www.elsentre.cat\\\/es\\\/logopedia\\\/#breadcrumb\"},\"inLanguage\":\"es\",\"potentialAction\":[{\"@type\":\"ReadAction\",\"target\":[\"https:\\\/\\\/www.elsentre.cat\\\/es\\\/logopedia\\\/\"]}]},{\"@type\":\"BreadcrumbList\",\"@id\":\"https:\\\/\\\/www.elsentre.cat\\\/es\\\/logopedia\\\/#breadcrumb\",\"itemListElement\":[{\"@type\":\"ListItem\",\"position\":1,\"name\":\"Inici\",\"item\":\"https:\\\/\\\/www.elsentre.cat\\\/es\\\/\"},{\"@type\":\"ListItem\",\"position\":2,\"name\":\"Logopedia\"}]},{\"@type\":\"WebSite\",\"@id\":\"https:\\\/\\\/www.elsentre.cat\\\/es\\\/#website\",\"url\":\"https:\\\/\\\/www.elsentre.cat\\\/es\\\/\",\"name\":\"El Sentre\",\"description\":\"Salut personalitzada\",\"publisher\":{\"@id\":\"https:\\\/\\\/www.elsentre.cat\\\/es\\\/#organization\"},\"potentialAction\":[{\"@type\":\"SearchAction\",\"target\":{\"@type\":\"EntryPoint\",\"urlTemplate\":\"https:\\\/\\\/www.elsentre.cat\\\/es\\\/?s={search_term_string}\"},\"query-input\":{\"@type\":\"PropertyValueSpecification\",\"valueRequired\":true,\"valueName\":\"search_term_string\"}}],\"inLanguage\":\"es\"},{\"@type\":\"Organization\",\"@id\":\"https:\\\/\\\/www.elsentre.cat\\\/es\\\/#organization\",\"name\":\"El Sentre\",\"url\":\"https:\\\/\\\/www.elsentre.cat\\\/es\\\/\",\"logo\":{\"@type\":\"ImageObject\",\"inLanguage\":\"es\",\"@id\":\"https:\\\/\\\/www.elsentre.cat\\\/es\\\/#\\\/schema\\\/logo\\\/image\\\/\",\"url\":\"https:\\\/\\\/www.elsentre.cat\\\/wp-content\\\/uploads\\\/2020\\\/04\\\/cropped-favicon.png\",\"contentUrl\":\"https:\\\/\\\/www.elsentre.cat\\\/wp-content\\\/uploads\\\/2020\\\/04\\\/cropped-favicon.png\",\"width\":512,\"height\":512,\"caption\":\"El Sentre\"},\"image\":{\"@id\":\"https:\\\/\\\/www.elsentre.cat\\\/es\\\/#\\\/schema\\\/logo\\\/image\\\/\"},\"sameAs\":[\"https:\\\/\\\/www.instagram.com\\\/elsentre\\\/?hl=es\"]}]}<\/script>\n<!-- \/ Yoast SEO plugin. -->","yoast_head_json":{"title":"Logopedia - El Sentre","robots":{"index":"index","follow":"follow","max-snippet":"max-snippet:-1","max-image-preview":"max-image-preview:large","max-video-preview":"max-video-preview:-1"},"canonical":"https:\/\/www.elsentre.cat\/es\/logopedia\/","og_locale":"es_ES","og_type":"article","og_title":"Logopedia - El Sentre","og_description":"[vc_row][vc_column width=\u00bb1\/1&#8243;][vc_empty_space empty_h=\u00bb2&#8243;][vc_icon position=\u00bbleft\u00bb icon_image=\u00bb83654&#8243; media_size=\u00bb68&#8243; text_size=\u00bbh2&#8243; text_weight=\u00bb600&#8243; text_height=\u00bbfontheight-179065&#8243; title=\u00bbLogopedia\u00bb]Educaci\u00f3n de la palabra[\/vc_icon][\/vc_column][\/vc_row][vc_row][vc_column width=\u00bb5\/6&#8243;][vc_column_text]Me llamo Jessica, soy Logopeda desde hace [&hellip;]","og_url":"https:\/\/www.elsentre.cat\/es\/logopedia\/","og_site_name":"El Sentre","article_modified_time":"2025-05-13T18:25:31+00:00","twitter_card":"summary_large_image","twitter_misc":{"Tiempo de lectura":"3 minutos"},"schema":{"@context":"https:\/\/schema.org","@graph":[{"@type":"WebPage","@id":"https:\/\/www.elsentre.cat\/es\/logopedia\/","url":"https:\/\/www.elsentre.cat\/es\/logopedia\/","name":"Logopedia - El Sentre","isPartOf":{"@id":"https:\/\/www.elsentre.cat\/es\/#website"},"datePublished":"2019-12-26T10:43:53+00:00","dateModified":"2025-05-13T18:25:31+00:00","breadcrumb":{"@id":"https:\/\/www.elsentre.cat\/es\/logopedia\/#breadcrumb"},"inLanguage":"es","potentialAction":[{"@type":"ReadAction","target":["https:\/\/www.elsentre.cat\/es\/logopedia\/"]}]},{"@type":"BreadcrumbList","@id":"https:\/\/www.elsentre.cat\/es\/logopedia\/#breadcrumb","itemListElement":[{"@type":"ListItem","position":1,"name":"Inici","item":"https:\/\/www.elsentre.cat\/es\/"},{"@type":"ListItem","position":2,"name":"Logopedia"}]},{"@type":"WebSite","@id":"https:\/\/www.elsentre.cat\/es\/#website","url":"https:\/\/www.elsentre.cat\/es\/","name":"El Sentre","description":"Salut personalitzada","publisher":{"@id":"https:\/\/www.elsentre.cat\/es\/#organization"},"potentialAction":[{"@type":"SearchAction","target":{"@type":"EntryPoint","urlTemplate":"https:\/\/www.elsentre.cat\/es\/?s={search_term_string}"},"query-input":{"@type":"PropertyValueSpecification","valueRequired":true,"valueName":"search_term_string"}}],"inLanguage":"es"},{"@type":"Organization","@id":"https:\/\/www.elsentre.cat\/es\/#organization","name":"El Sentre","url":"https:\/\/www.elsentre.cat\/es\/","logo":{"@type":"ImageObject","inLanguage":"es","@id":"https:\/\/www.elsentre.cat\/es\/#\/schema\/logo\/image\/","url":"https:\/\/www.elsentre.cat\/wp-content\/uploads\/2020\/04\/cropped-favicon.png","contentUrl":"https:\/\/www.elsentre.cat\/wp-content\/uploads\/2020\/04\/cropped-favicon.png","width":512,"height":512,"caption":"El Sentre"},"image":{"@id":"https:\/\/www.elsentre.cat\/es\/#\/schema\/logo\/image\/"},"sameAs":["https:\/\/www.instagram.com\/elsentre\/?hl=es"]}]}},"_links":{"self":[{"href":"https:\/\/www.elsentre.cat\/es\/wp-json\/wp\/v2\/pages\/153173","targetHints":{"allow":["GET"]}}],"collection":[{"href":"https:\/\/www.elsentre.cat\/es\/wp-json\/wp\/v2\/pages"}],"about":[{"href":"https:\/\/www.elsentre.cat\/es\/wp-json\/wp\/v2\/types\/page"}],"author":[{"embeddable":true,"href":"https:\/\/www.elsentre.cat\/es\/wp-json\/wp\/v2\/users\/1"}],"replies":[{"embeddable":true,"href":"https:\/\/www.elsentre.cat\/es\/wp-json\/wp\/v2\/comments?post=153173"}],"version-history":[{"count":0,"href":"https:\/\/www.elsentre.cat\/es\/wp-json\/wp\/v2\/pages\/153173\/revisions"}],"wp:attachment":[{"href":"https:\/\/www.elsentre.cat\/es\/wp-json\/wp\/v2\/media?parent=153173"}],"curies":[{"name":"wp","href":"https:\/\/api.w.org\/{rel}","templated":true}]}}