{"id":153138,"date":"2019-12-24T12:04:09","date_gmt":"2019-12-24T11:04:09","guid":{"rendered":"https:\/\/www.elsentre.cat\/osteopatia-i-fisioterapia\/"},"modified":"2025-05-13T20:26:24","modified_gmt":"2025-05-13T18:26:24","slug":"osteopatia-i-fisioterapia","status":"publish","type":"page","link":"https:\/\/www.elsentre.cat\/es\/osteopatia-i-fisioterapia\/","title":{"rendered":"Osteopat\u00eda y Fisioterapia"},"content":{"rendered":"<div class=\"wpb-content-wrapper\"><p>[vc_row][vc_column width=\u00bb1\/1&#8243;][vc_empty_space empty_h=\u00bb2&#8243;][vc_icon position=\u00bbleft\u00bb icon_image=\u00bb83087&#8243; media_size=\u00bb68&#8243; text_size=\u00bbh2&#8243; text_weight=\u00bb600&#8243; text_height=\u00bbfontheight-179065&#8243; title=\u00bbOsteopat\u00eda y fisioterapia\u00bb]Tratamos personas[\/vc_icon][\/vc_column][\/vc_row][vc_row][vc_column width=\u00bb5\/6&#8243;][vc_column_text]Me llamo Seherezade Torras y soy fisioterapeuta y oste\u00f3pata. Hace 20 a\u00f1os inici\u00e9 mis estudios universitarios en fisioterapia y empec\u00e9 a ejercer de fisioterapeuta. Bien pronto me di cuenta que todo el que hab\u00eda aprendido durante la carrera me permit\u00eda ayudar mucho mis pacientes, pero aun as\u00ed siempre ten\u00eda la sensaci\u00f3n que necesitaban algo m\u00e1s para mejorar sus condiciones de salud. Y fue entonces cuando conoc\u00ed la Osteopat\u00eda.<\/p>\n<p>Cuando me preguntan qu\u00e9 es la Osteopat\u00eda me tengo que parar y pensar: c\u00f3mo lo explico?? Y es que la Osteopat\u00eda tiene muchas definiciones&#8230;<\/p>\n<p>Osteopat\u00eda es un concepto muy amplio. Y me gusta m\u00e1s hablar de medicina manual osteop\u00e0tica puesto que mediante este abordaje\/disciplina podemos ayudar nuestros pacientes a recuperar y mantener la funci\u00f3n de su organismo (equilibrio homeost\u00e1tico). Para hacerlo disponemos de un amplio abanico de t\u00e9cnicas que ayudar\u00e1n a trabajar sobre los sistemas craneal, visceral<strong>, <\/strong>fascial y m\u00fasculo-esquel\u00e9tico, y que el oste\u00f3pata escoger\u00e1 en funci\u00f3n de las necesidades del paciente.<\/p>\n<p>Es por este motivo que la osteopat\u00eda es un sistema de terapia manual que entiende que cada paciente es \u00fanico y que hay que buscar su salud inherente para combatir la enfermedad, entendiendo el cuerpo como una totalidad en que cada parte conoce el resto del cuerpo.<\/p>\n<p>\u00bfY como lo hacemos? Realmente es dif\u00edcil encontrar un \u00fanico origen en la carencia de salud de nuestro paciente. Pero nos tenemos que centrar en trabajar aquellos aspectos del cuerpo que permitan lograr su mejor bienestar adapt\u00e1ndose lo mejor posible a su disfunci\u00f3n tanto sea mediante la terapia manual como dando la informaci\u00f3n necesaria al paciente para que participe activamente en su proceso de mejora, eliminando falsas creencias y estableciendo un buen diagn\u00f3stico cl\u00ednico. Se tiene que fomentar la salud y luchar contra la enfermedad. Por eso trabajo cada d\u00eda para entender mejor los pacientes y conocer mejor el funcionamiento del cuerpo y la mente.<\/p>\n<p>&nbsp;<\/p>\n<p><strong>La osteopat\u00eda es un tratamiento adecuado desde la primera infancia hasta edades muy avanzadas.<\/strong>[\/vc_column_text][\/vc_column][vc_column column_width_percent=\u00bb100&#8243; position_vertical=\u00bbmiddle\u00bb gutter_size=\u00bb3&#8243; overlay_alpha=\u00bb50&#8243; shift_x=\u00bb0&#8243; shift_y=\u00bb0&#8243; shift_y_down=\u00bb0&#8243; z_index=\u00bb0&#8243; medium_width=\u00bb0&#8243; mobile_width=\u00bb0&#8243; width=\u00bb1\/6&#8243;][vc_single_image media=\u00bb83580&#8243; media_width_percent=\u00bb100&#8243; alignment=\u00bbcenter\u00bb][vc_custom_heading text_color=\u00bbcolor-202078&#8243; separator_color=\u00bbyes\u00bb separator=\u00bbyes\u00bb subheading=\u00bbFisioterapeuta-Oste\u00f3pata<\/p>\n<p>Fisioterapeuta col. 3496-Oste\u00f3pata<br \/>\nOsteopat\u00eda estructural, craneal biodin\u00e1mica y visceral.<br \/>\nReeducaci\u00f3n del suelo p\u00e9lvico.\u00bb uncode_shortcode_id=\u00bb588336&#8243; text_color_type=\u00bbuncode-palette\u00bb text_color_solid=\u00bb#ff0000&#8243;]Seherezade Torras[\/vc_custom_heading][vc_button button_color=\u00bbcolor-202078&#8243; radius=\u00bbbtn-circle\u00bb border_animation=\u00bbbtn-ripple-in\u00bb border_width=\u00bb0&#8243; link=\u00bburl:https%3A%2F%2Fwww.elsentre.cat%2Fequip%2Fseherezade-torras%2F|target:%20_blank|\u00bb]curr\u00edculum[\/vc_button][\/vc_column][\/vc_row][vc_row][vc_column width=\u00bb5\/6&#8243;][vc_column_text uncode_shortcode_id=\u00bb294287&#8243; css=\u00bb.vc_custom_1742467511509{margin-bottom: 0px !important;padding-bottom: 0px !important;}\u00bb]Me llamo Maria Mas y soy fisioterapeuta. Acab\u00e9 los estudios universitarios de fisioterapia en 2011 y desde entonces no he dejado de formarme en el \u00e1mbito de la fisioterapia m\u00fasculo-esquel\u00e9tica.<\/p>\n<p>Gracias a la fisioterapia podemos ayudar a recuperar, mejorar o mantener el estado f\u00edsico de nuestros pacientes.Tenemos un gran abanico de herramientas para hacerlo ya sea mediante la terapia manual o el ejercicio terap\u00e9utico entre otros.<\/p>\n<p>Me gusta mucho mi trabajo, puesto que me permite ayudar mis pacientes, entender sus necesidades y conseguir que tengan una mejor calidad de vida.<\/p>\n<p>Algunas de sus formaciones s\u00f3n:[\/vc_column_text][uncode_list icon=\u00bbfa fa-check\u00bb icon_color=\u00bbcolor-202078&#8243; uncode_shortcode_id=\u00bb165775&#8243; icon_color_type=\u00bbuncode-palette\u00bb]<\/p>\n<ul>\n<li>Vendados neuromusculares (kinesiopate)<\/li>\n<li>Gimnasia abdominal hipopresiva<\/li>\n<li>Pilates<\/li>\n<li>Core<\/li>\n<li>Terapia de reequilibrio del aparato locomotor (TRAL)<\/li>\n<li>Reequilibrio neuromotor del raquis<\/li>\n<li>T\u00e9cnicas manipulativas y de energ\u00eda muscular<\/li>\n<li>Punci\u00f3n seca y tratamiento del dolor miofascial (puntos gatillo miofasciales)<\/li>\n<\/ul>\n<p>[\/uncode_list][\/vc_column][vc_column column_width_percent=\u00bb100&#8243; position_vertical=\u00bbmiddle\u00bb gutter_size=\u00bb3&#8243; overlay_alpha=\u00bb50&#8243; shift_x=\u00bb0&#8243; shift_y=\u00bb0&#8243; shift_y_down=\u00bb0&#8243; z_index=\u00bb0&#8243; medium_width=\u00bb0&#8243; mobile_width=\u00bb0&#8243; width=\u00bb1\/6&#8243;][vc_single_image media=\u00bb84508&#8243; media_width_percent=\u00bb100&#8243; alignment=\u00bbcenter\u00bb uncode_shortcode_id=\u00bb105437&#8243;][vc_custom_heading text_color=\u00bbcolor-202078&#8243; separator_color=\u00bbyes\u00bb separator=\u00bbyes\u00bb subheading=\u00bb&lt;b&gt;Fisioterapeuta&lt;\/b&gt;<\/p>\n<p>Terapia de reequilibrio del aparato locomotor (TRAL)<br \/>\nReequilibrio neuromotor del raquis<br \/>\nT\u00e9cnicas manipulativas y de energ\u00eda muscular<br \/>\nPunci\u00f3n seca y tratamiento del dolor miofascial (puntos gatillo miofasciales).\u00bb uncode_shortcode_id=\u00bb140433&#8243; text_color_type=\u00bbuncode-palette\u00bb text_color_solid=\u00bb#ff0000&#8243;]Maria Mas[\/vc_custom_heading][vc_button button_color=\u00bbcolor-202078&#8243; radius=\u00bbbtn-circle\u00bb border_animation=\u00bbbtn-ripple-in\u00bb border_width=\u00bb0&#8243; link=\u00bburl:https%3A%2F%2Fwww.elsentre.cat%2Fequip%2Fmaria-mas%2F|target:_blank|\u00bb button_color_type=\u00bbuncode-palette\u00bb uncode_shortcode_id=\u00bb211796&#8243;]curr\u00edculum[\/vc_button][\/vc_column][\/vc_row][vc_row][vc_column width=\u00bb1\/2&#8243;][vc_custom_heading heading_semantic=\u00bbh4&#8243; separator_color=\u00bbyes\u00bb separator=\u00bbyes\u00bb]<strong>Indicaciones<\/strong>[\/vc_custom_heading][uncode_list icon=\u00bbfa fa-minus\u00bb icon_color=\u00bbcolor-202078&#8243;]<\/p>\n<ul>\n<li>AFECTACIONES DE RAQUIS Y DERIVADOS:<\/li>\n<\/ul>\n<p>[\/uncode_list][uncode_list icon=\u00bbfa fa-circle\u00bb icon_color=\u00bbcolor-202078&#8243;]<\/p>\n<ul>\n<li style=\"list-style-type: none;\">\n<ul>\n<li>dolor cervical-dorsal-lumbar<\/li>\n<li>radiculopat\u00edas<\/li>\n<li>cefaleas (cervicog\u00e9nicas, congestivas,\u2026)<\/li>\n<\/ul>\n<\/li>\n<\/ul>\n<p>[\/uncode_list][uncode_list icon=\u00bbfa fa-minus\u00bb icon_color=\u00bbcolor-202078&#8243;]<\/p>\n<ul>\n<li>AFECTACIONS D\u2019ARTICULACIONS PERIF\u00c8RIQUES:<\/li>\n<\/ul>\n<p>[\/uncode_list][uncode_list icon=\u00bbfa fa-circle\u00bb icon_color=\u00bbcolor-202078&#8243;]<\/p>\n<ul>\n<li style=\"list-style-type: none;\">\n<ul>\n<li>tendinopat\u00edas<\/li>\n<li>lesiones de ligamentos y men\u00edscos<\/li>\n<li>procesos degenerativos perif\u00e9ricos<\/li>\n<li>disfunciones mec\u00e1nicas perif\u00e9ricas<\/li>\n<li>procesos de rehabilitaci\u00f3n puesto-cirug\u00eda<\/li>\n<\/ul>\n<\/li>\n<\/ul>\n<p>[\/uncode_list][uncode_list icon=\u00bbfa fa-minus\u00bb icon_color=\u00bbcolor-202078&#8243;]<\/p>\n<ul>\n<li>ABORDAJE DE LA MUJER EMBARAZADA:<\/li>\n<\/ul>\n<p>[\/uncode_list][uncode_list icon=\u00bbfa fa-circle\u00bb icon_color=\u00bbcolor-202078&#8243;]<\/p>\n<ul>\n<li style=\"list-style-type: none;\">\n<ul>\n<li>acompa\u00f1amiento durante la gestaci\u00f3n y el posparto<\/li>\n<\/ul>\n<\/li>\n<\/ul>\n<p>[\/uncode_list][uncode_list icon=\u00bbfa fa-minus\u00bb icon_color=\u00bbcolor-202078&#8243;]<\/p>\n<ul>\n<li>DISFUNCIONS DEL S\u00d2L PELVI\u00c0: trastorns ginecol\u00f2gics i obst\u00e8trics<\/li>\n<\/ul>\n<p>[\/uncode_list][uncode_list icon=\u00bbfa fa-circle\u00bb icon_color=\u00bbcolor-202078&#8243;]<\/p>\n<ul>\n<li style=\"list-style-type: none;\">\n<ul>\n<li>incontinencia urinaria<\/li>\n<li>dolor pelviano o perineal<\/li>\n<li>prolapsos<\/li>\n<li>estre\u00f1imiento<\/li>\n<li>disfunci\u00f3n sexual<\/li>\n<li>dispareunia (dolor en les relaciones sexuales)<\/li>\n<\/ul>\n<\/li>\n<\/ul>\n<p>[\/uncode_list][uncode_list icon=\u00bbfa fa-minus\u00bb icon_color=\u00bbcolor-202078&#8243;]<\/p>\n<ul>\n<li>OSTEOPAT\u00cdA PEDI\u00c1TRICA: al beb\u00e9 y al ni\u00f1o<\/li>\n<\/ul>\n<p>[\/uncode_list][uncode_list icon=\u00bbfa fa-minus\u00bb icon_color=\u00bbcolor-202078&#8243;]<\/p>\n<ul>\n<li>AFECTACIONES VISCERALES:<\/li>\n<\/ul>\n<p>[\/uncode_list][uncode_list icon=\u00bbfa fa-circle\u00bb icon_color=\u00bbcolor-202078&#8243;]<\/p>\n<ul>\n<li style=\"list-style-type: none;\">\n<ul>\n<li>molestias funcionales de \u00f3rganos internos<\/li>\n<li>trastornos respiratorios<\/li>\n<li>trastornos digestivos<\/li>\n<\/ul>\n<\/li>\n<\/ul>\n<p>[\/uncode_list][uncode_list icon=\u00bbfa fa-minus\u00bb icon_color=\u00bbcolor-202078&#8243;]<\/p>\n<ul>\n<li>TRASTORNOS ASOCIADOS AL ESTR\u00c9S Y La ANSIEDAD:<\/li>\n<\/ul>\n<p>[\/uncode_list][uncode_list icon=\u00bbfa fa-circle\u00bb icon_color=\u00bbcolor-202078&#8243;]<\/p>\n<ul>\n<li style=\"list-style-type: none;\">\n<ul>\n<li>insomnio, sensibilizaci\u00f3n central, cefaleas, migra\u00f1as&#8230;<\/li>\n<\/ul>\n<\/li>\n<\/ul>\n<p>[\/uncode_list][uncode_list icon=\u00bbfa fa-minus\u00bb icon_color=\u00bbcolor-202078&#8243;]<\/p>\n<ul>\n<li>ORIENTACI\u00d3N EN PNI: la psico-neuro-inmunolog\u00eda tiene su gran valor cl\u00ednico en el campo de pacientes con patolog\u00edas cr\u00f3nicas como por ejemplo el dolor cr\u00f3nico, colon irritable, migra\u00f1a, alergia, artritis reum\u00e1tica, psoriasis, s\u00edndrome de fatiga cr\u00f3nica, etc\u2026 des\u00f3rdenes que su producidos y mantenidos por trastornos a nivel psico-neuro-endocrino-socio-inmunol\u00f3gicp. Utiliza como herramientas clave la nutrici\u00f3n desde el punto de vista evolutivo, el ejercicio f\u00edsico funcional, la terapia emocional y la comprensi\u00f3n de la fisiopatolog\u00eda en los trastornos de la salud.<\/li>\n<\/ul>\n<p>[\/uncode_list][\/vc_column][vc_column column_width_percent=\u00bb100&#8243; gutter_size=\u00bb3&#8243; back_color=\u00bbcolor-202078&#8243; overlay_alpha=\u00bb50&#8243; shift_x=\u00bb0&#8243; shift_y=\u00bb0&#8243; shift_y_down=\u00bb0&#8243; z_index=\u00bb0&#8243; medium_width=\u00bb0&#8243; mobile_width=\u00bb0&#8243; width=\u00bb1\/2&#8243; link_to=\u00bburl:%20%20https%3A%2F%2Fwww.elsentre.cat%2Fel-moviment-es-vida%2F|target:%20_blank|\u00bb][vc_custom_heading text_color=\u00bbcolor-xsdn\u00bb heading_semantic=\u00bbh4&#8243; separator=\u00bbyes\u00bb]<strong>EL MOVIMIENTO \u00c9S VIDA<\/strong>[\/vc_custom_heading][vc_column_text]<span style=\"color: white;\">Adem\u00e1s a \u201cEl Sentre\u201d ofreceremos la posibilidad de realizar actividades dirigidas en grupos reducidos para fomentar el buen estado de salud de los pacientes que acudan:<\/span>[\/vc_column_text][vc_column_text uncode_shortcode_id=\u00bb958211&#8243;]<\/p>\n<div class=\"vc_custom_heading_wrap space\">\n<div class=\"heading-text el-text\">\n<h2 class=\"h4 text-color-xsdn-color\"><strong>PILATES TERAP\u00c9UTICO<\/strong><\/h2>\n<hr class=\"separator-break movement\" \/>\n<\/div>\n<div class=\"clear\"><\/div>\n<\/div>\n<div class=\"vc_custom_heading_wrap space\">\n<div class=\"heading-text el-text\">\n<h2 class=\"h4 text-color-xsdn-color\"><strong>GIMN\u00c1STICA ABDOMINAL HIPOPRESIVA<\/strong><\/h2>\n<hr class=\"separator-break movement\" \/>\n<\/div>\n<div class=\"clear\"><\/div>\n<\/div>\n<div class=\"vc_custom_heading_wrap space\">\n<div class=\"heading-text el-text\">\n<h2 class=\"h4 text-color-xsdn-color\"><strong>ESTIRAMIENTOS MUSCULARES DIRIGIDOS<\/strong><\/h2>\n<hr class=\"separator-break movement\" \/>\n<\/div>\n<div class=\"clear\"><\/div>\n<\/div>\n<div class=\"vc_custom_heading_wrap space\">\n<div class=\"heading-text el-text\">\n<h2 class=\"h4 text-color-xsdn-color\"><strong>TONIFICACI\u00d3N MUSCULAR DIRIGIDA<\/strong><\/h2>\n<hr class=\"separator-break movement\" \/>\n<\/div>\n<div class=\"clear\"><\/div>\n<\/div>\n<p>[\/vc_column_text][vc_single_image media=\u00bb83596&#8243; media_width_percent=\u00bb100&#8243; alignment=\u00bbcenter\u00bb][vc_column_text]<span style=\"color: white;\">Impartido por Maria Mas Soldevila.<br \/>\nFisioterapeuta col. 9538, especializada en traumatolog\u00eda y cirug\u00eda ortop\u00e9dica.<\/span>[\/vc_column_text][\/vc_column][\/vc_row][vc_row][vc_column width=\u00bb1\/1&#8243;][vc_empty_space empty_h=\u00bb2&#8243;][\/vc_column][\/vc_row]<\/p>\n<\/div>","protected":false},"excerpt":{"rendered":"<p>[vc_row][vc_column width=\u00bb1\/1&#8243;][vc_empty_space empty_h=\u00bb2&#8243;][vc_icon position=\u00bbleft\u00bb icon_image=\u00bb83087&#8243; media_size=\u00bb68&#8243; text_size=\u00bbh2&#8243; text_weight=\u00bb600&#8243; text_height=\u00bbfontheight-179065&#8243; title=\u00bbOsteopat\u00eda y fisioterapia\u00bb]Tratamos personas[\/vc_icon][\/vc_column][\/vc_row][vc_row][vc_column width=\u00bb5\/6&#8243;][vc_column_text]Me llamo Seherezade Torras y soy fisioterapeuta [&hellip;]<\/p>\n","protected":false},"author":1,"featured_media":0,"parent":0,"menu_order":0,"comment_status":"closed","ping_status":"closed","template":"","meta":{"footnotes":""},"class_list":["post-153138","page","type-page","status-publish","hentry"],"yoast_head":"<!-- This site is optimized with the Yoast SEO plugin v27.3 - https:\/\/yoast.com\/product\/yoast-seo-wordpress\/ -->\n<title>Osteopat\u00eda y Fisioterapia - El Sentre<\/title>\n<meta name=\"robots\" content=\"index, follow, max-snippet:-1, max-image-preview:large, max-video-preview:-1\" \/>\n<link rel=\"canonical\" href=\"https:\/\/www.elsentre.cat\/es\/osteopatia-i-fisioterapia\/\" \/>\n<meta property=\"og:locale\" content=\"es_ES\" \/>\n<meta property=\"og:type\" content=\"article\" \/>\n<meta property=\"og:title\" content=\"Osteopat\u00eda y Fisioterapia - El Sentre\" \/>\n<meta property=\"og:description\" content=\"[vc_row][vc_column width=\u00bb1\/1&#8243;][vc_empty_space empty_h=\u00bb2&#8243;][vc_icon position=\u00bbleft\u00bb icon_image=\u00bb83087&#8243; media_size=\u00bb68&#8243; text_size=\u00bbh2&#8243; text_weight=\u00bb600&#8243; text_height=\u00bbfontheight-179065&#8243; title=\u00bbOsteopat\u00eda y fisioterapia\u00bb]Tratamos personas[\/vc_icon][\/vc_column][\/vc_row][vc_row][vc_column width=\u00bb5\/6&#8243;][vc_column_text]Me llamo Seherezade Torras y soy fisioterapeuta [&hellip;]\" \/>\n<meta property=\"og:url\" content=\"https:\/\/www.elsentre.cat\/es\/osteopatia-i-fisioterapia\/\" \/>\n<meta property=\"og:site_name\" content=\"El Sentre\" \/>\n<meta property=\"article:modified_time\" content=\"2025-05-13T18:26:24+00:00\" \/>\n<meta name=\"twitter:card\" content=\"summary_large_image\" \/>\n<meta name=\"twitter:label1\" content=\"Tiempo de lectura\" \/>\n\t<meta name=\"twitter:data1\" content=\"7 minutos\" \/>\n<script type=\"application\/ld+json\" class=\"yoast-schema-graph\">{\"@context\":\"https:\\\/\\\/schema.org\",\"@graph\":[{\"@type\":\"WebPage\",\"@id\":\"https:\\\/\\\/www.elsentre.cat\\\/es\\\/osteopatia-i-fisioterapia\\\/\",\"url\":\"https:\\\/\\\/www.elsentre.cat\\\/es\\\/osteopatia-i-fisioterapia\\\/\",\"name\":\"Osteopat\u00eda y Fisioterapia - El Sentre\",\"isPartOf\":{\"@id\":\"https:\\\/\\\/www.elsentre.cat\\\/es\\\/#website\"},\"datePublished\":\"2019-12-24T11:04:09+00:00\",\"dateModified\":\"2025-05-13T18:26:24+00:00\",\"breadcrumb\":{\"@id\":\"https:\\\/\\\/www.elsentre.cat\\\/es\\\/osteopatia-i-fisioterapia\\\/#breadcrumb\"},\"inLanguage\":\"es\",\"potentialAction\":[{\"@type\":\"ReadAction\",\"target\":[\"https:\\\/\\\/www.elsentre.cat\\\/es\\\/osteopatia-i-fisioterapia\\\/\"]}]},{\"@type\":\"BreadcrumbList\",\"@id\":\"https:\\\/\\\/www.elsentre.cat\\\/es\\\/osteopatia-i-fisioterapia\\\/#breadcrumb\",\"itemListElement\":[{\"@type\":\"ListItem\",\"position\":1,\"name\":\"Inici\",\"item\":\"https:\\\/\\\/www.elsentre.cat\\\/es\\\/\"},{\"@type\":\"ListItem\",\"position\":2,\"name\":\"Osteopat\u00eda y Fisioterapia\"}]},{\"@type\":\"WebSite\",\"@id\":\"https:\\\/\\\/www.elsentre.cat\\\/es\\\/#website\",\"url\":\"https:\\\/\\\/www.elsentre.cat\\\/es\\\/\",\"name\":\"El Sentre\",\"description\":\"Salut personalitzada\",\"publisher\":{\"@id\":\"https:\\\/\\\/www.elsentre.cat\\\/es\\\/#organization\"},\"potentialAction\":[{\"@type\":\"SearchAction\",\"target\":{\"@type\":\"EntryPoint\",\"urlTemplate\":\"https:\\\/\\\/www.elsentre.cat\\\/es\\\/?s={search_term_string}\"},\"query-input\":{\"@type\":\"PropertyValueSpecification\",\"valueRequired\":true,\"valueName\":\"search_term_string\"}}],\"inLanguage\":\"es\"},{\"@type\":\"Organization\",\"@id\":\"https:\\\/\\\/www.elsentre.cat\\\/es\\\/#organization\",\"name\":\"El Sentre\",\"url\":\"https:\\\/\\\/www.elsentre.cat\\\/es\\\/\",\"logo\":{\"@type\":\"ImageObject\",\"inLanguage\":\"es\",\"@id\":\"https:\\\/\\\/www.elsentre.cat\\\/es\\\/#\\\/schema\\\/logo\\\/image\\\/\",\"url\":\"https:\\\/\\\/www.elsentre.cat\\\/wp-content\\\/uploads\\\/2020\\\/04\\\/cropped-favicon.png\",\"contentUrl\":\"https:\\\/\\\/www.elsentre.cat\\\/wp-content\\\/uploads\\\/2020\\\/04\\\/cropped-favicon.png\",\"width\":512,\"height\":512,\"caption\":\"El Sentre\"},\"image\":{\"@id\":\"https:\\\/\\\/www.elsentre.cat\\\/es\\\/#\\\/schema\\\/logo\\\/image\\\/\"},\"sameAs\":[\"https:\\\/\\\/www.instagram.com\\\/elsentre\\\/?hl=es\"]}]}<\/script>\n<!-- \/ Yoast SEO plugin. -->","yoast_head_json":{"title":"Osteopat\u00eda y Fisioterapia - El Sentre","robots":{"index":"index","follow":"follow","max-snippet":"max-snippet:-1","max-image-preview":"max-image-preview:large","max-video-preview":"max-video-preview:-1"},"canonical":"https:\/\/www.elsentre.cat\/es\/osteopatia-i-fisioterapia\/","og_locale":"es_ES","og_type":"article","og_title":"Osteopat\u00eda y Fisioterapia - El Sentre","og_description":"[vc_row][vc_column width=\u00bb1\/1&#8243;][vc_empty_space empty_h=\u00bb2&#8243;][vc_icon position=\u00bbleft\u00bb icon_image=\u00bb83087&#8243; media_size=\u00bb68&#8243; text_size=\u00bbh2&#8243; text_weight=\u00bb600&#8243; text_height=\u00bbfontheight-179065&#8243; title=\u00bbOsteopat\u00eda y fisioterapia\u00bb]Tratamos personas[\/vc_icon][\/vc_column][\/vc_row][vc_row][vc_column width=\u00bb5\/6&#8243;][vc_column_text]Me llamo Seherezade Torras y soy fisioterapeuta [&hellip;]","og_url":"https:\/\/www.elsentre.cat\/es\/osteopatia-i-fisioterapia\/","og_site_name":"El Sentre","article_modified_time":"2025-05-13T18:26:24+00:00","twitter_card":"summary_large_image","twitter_misc":{"Tiempo de lectura":"7 minutos"},"schema":{"@context":"https:\/\/schema.org","@graph":[{"@type":"WebPage","@id":"https:\/\/www.elsentre.cat\/es\/osteopatia-i-fisioterapia\/","url":"https:\/\/www.elsentre.cat\/es\/osteopatia-i-fisioterapia\/","name":"Osteopat\u00eda y Fisioterapia - El Sentre","isPartOf":{"@id":"https:\/\/www.elsentre.cat\/es\/#website"},"datePublished":"2019-12-24T11:04:09+00:00","dateModified":"2025-05-13T18:26:24+00:00","breadcrumb":{"@id":"https:\/\/www.elsentre.cat\/es\/osteopatia-i-fisioterapia\/#breadcrumb"},"inLanguage":"es","potentialAction":[{"@type":"ReadAction","target":["https:\/\/www.elsentre.cat\/es\/osteopatia-i-fisioterapia\/"]}]},{"@type":"BreadcrumbList","@id":"https:\/\/www.elsentre.cat\/es\/osteopatia-i-fisioterapia\/#breadcrumb","itemListElement":[{"@type":"ListItem","position":1,"name":"Inici","item":"https:\/\/www.elsentre.cat\/es\/"},{"@type":"ListItem","position":2,"name":"Osteopat\u00eda y Fisioterapia"}]},{"@type":"WebSite","@id":"https:\/\/www.elsentre.cat\/es\/#website","url":"https:\/\/www.elsentre.cat\/es\/","name":"El Sentre","description":"Salut personalitzada","publisher":{"@id":"https:\/\/www.elsentre.cat\/es\/#organization"},"potentialAction":[{"@type":"SearchAction","target":{"@type":"EntryPoint","urlTemplate":"https:\/\/www.elsentre.cat\/es\/?s={search_term_string}"},"query-input":{"@type":"PropertyValueSpecification","valueRequired":true,"valueName":"search_term_string"}}],"inLanguage":"es"},{"@type":"Organization","@id":"https:\/\/www.elsentre.cat\/es\/#organization","name":"El Sentre","url":"https:\/\/www.elsentre.cat\/es\/","logo":{"@type":"ImageObject","inLanguage":"es","@id":"https:\/\/www.elsentre.cat\/es\/#\/schema\/logo\/image\/","url":"https:\/\/www.elsentre.cat\/wp-content\/uploads\/2020\/04\/cropped-favicon.png","contentUrl":"https:\/\/www.elsentre.cat\/wp-content\/uploads\/2020\/04\/cropped-favicon.png","width":512,"height":512,"caption":"El Sentre"},"image":{"@id":"https:\/\/www.elsentre.cat\/es\/#\/schema\/logo\/image\/"},"sameAs":["https:\/\/www.instagram.com\/elsentre\/?hl=es"]}]}},"_links":{"self":[{"href":"https:\/\/www.elsentre.cat\/es\/wp-json\/wp\/v2\/pages\/153138","targetHints":{"allow":["GET"]}}],"collection":[{"href":"https:\/\/www.elsentre.cat\/es\/wp-json\/wp\/v2\/pages"}],"about":[{"href":"https:\/\/www.elsentre.cat\/es\/wp-json\/wp\/v2\/types\/page"}],"author":[{"embeddable":true,"href":"https:\/\/www.elsentre.cat\/es\/wp-json\/wp\/v2\/users\/1"}],"replies":[{"embeddable":true,"href":"https:\/\/www.elsentre.cat\/es\/wp-json\/wp\/v2\/comments?post=153138"}],"version-history":[{"count":0,"href":"https:\/\/www.elsentre.cat\/es\/wp-json\/wp\/v2\/pages\/153138\/revisions"}],"wp:attachment":[{"href":"https:\/\/www.elsentre.cat\/es\/wp-json\/wp\/v2\/media?parent=153138"}],"curies":[{"name":"wp","href":"https:\/\/api.w.org\/{rel}","templated":true}]}}