{"id":152647,"date":"2020-01-04T12:49:45","date_gmt":"2020-01-04T11:49:45","guid":{"rendered":"https:\/\/www.elsentre.cat\/pide-cita\/"},"modified":"2025-05-14T09:18:45","modified_gmt":"2025-05-14T07:18:45","slug":"pide-cita","status":"publish","type":"page","link":"https:\/\/www.elsentre.cat\/es\/pide-cita\/","title":{"rendered":"Pide cita"},"content":{"rendered":"<div class=\"wpb-content-wrapper\"><p>[vc_row][vc_column width=\u00bb1\/1&#8243;][vc_empty_space empty_h=\u00bb2&#8243;][vc_column_text]<\/p>\n<h4 style=\"text-align: center;\">Inf\u00f3rmanos de qu\u00e9 servicio necesitas y te enviaremos un correo o un whatsapp con el d\u00eda que podr\u00edamos quedar&#8230;<\/h4>\n<p>[\/vc_column_text][\/vc_column][\/vc_row][vc_row row_height_percent=\u00bb0&#8243; overlay_alpha=\u00bb50&#8243; gutter_size=\u00bb3&#8243; column_width_percent=\u00bb100&#8243; shift_y=\u00bb0&#8243; z_index=\u00bb0&#8243;][vc_column width=\u00bb1\/6&#8243;][vc_custom_heading text_color=\u00bbcolor-202078&#8243;]Osteopat\u00eda[\/vc_custom_heading][\/vc_column][vc_column width=\u00bb1\/6&#8243;][vc_custom_heading text_color=\u00bbcolor-202078&#8243;]Logopedia[\/vc_custom_heading][\/vc_column][vc_column width=\u00bb1\/6&#8243;][vc_custom_heading text_color=\u00bbcolor-202078&#8243;]Diet\u00e9tica y Nutrici\u00f3n[\/vc_custom_heading][\/vc_column][vc_column width=\u00bb1\/6&#8243;][vc_custom_heading text_color=\u00bbcolor-202078&#8243;]Psicolog\u00eda infantil[\/vc_custom_heading][\/vc_column][vc_column width=\u00bb1\/6&#8243;][vc_custom_heading text_color=\u00bbcolor-202078&#8243;]Psicoterapia de adultos[\/vc_custom_heading][\/vc_column][vc_column column_width_percent=\u00bb100&#8243; gutter_size=\u00bb3&#8243; overlay_alpha=\u00bb50&#8243; shift_x=\u00bb0&#8243; shift_y=\u00bb0&#8243; shift_y_down=\u00bb0&#8243; z_index=\u00bb0&#8243; medium_width=\u00bb0&#8243; mobile_width=\u00bb0&#8243; width=\u00bb1\/6&#8243; el_class=\u00bbcolumna6&#8243;][\/vc_column][\/vc_row][vc_row][vc_column width=\u00bb1\/1&#8243;]\n<div class=\"wpcf7 no-js\" id=\"wpcf7-f154426-o1\" lang=\"ca\" dir=\"ltr\" data-wpcf7-id=\"154426\">\n<div class=\"screen-reader-response\"><p role=\"status\" aria-live=\"polite\" aria-atomic=\"true\"><\/p> <ul><\/ul><\/div>\n<form action=\"\/es\/wp-json\/wp\/v2\/pages\/152647#wpcf7-f154426-o1\" method=\"post\" class=\"wpcf7-form init\" aria-label=\"Formulari de contacte\" novalidate=\"novalidate\" data-status=\"init\">\n<fieldset class=\"hidden-fields-container\"><input type=\"hidden\" name=\"_wpcf7\" value=\"154426\" \/><input type=\"hidden\" name=\"_wpcf7_version\" value=\"6.1.5\" \/><input type=\"hidden\" name=\"_wpcf7_locale\" value=\"ca\" \/><input type=\"hidden\" name=\"_wpcf7_unit_tag\" value=\"wpcf7-f154426-o1\" \/><input type=\"hidden\" name=\"_wpcf7_container_post\" value=\"0\" \/><input type=\"hidden\" name=\"_wpcf7_posted_data_hash\" value=\"\" \/><input type=\"hidden\" name=\"_wpcf7_recaptcha_response\" value=\"\" \/>\n<\/fieldset>\n<p><span class=\"wpcf7-form-control-wrap\" data-name=\"recipient\"><select class=\"wpcf7-form-control wpcf7-select wpcf7-validates-as-required\" aria-required=\"true\" aria-invalid=\"false\" name=\"recipient\"><option value=\"Osteopat\u00eda\">Osteopat\u00eda<\/option><option value=\"Logopedia\">Logopedia<\/option><option value=\"Diet\u00e9tica y Nutrici\u00f3n\">Diet\u00e9tica y Nutrici\u00f3n<\/option><option value=\"Psicolog\u00eda infantil\">Psicolog\u00eda infantil<\/option><option value=\"Psicoterapia de adultos\">Psicoterapia de adultos<\/option><\/select><\/span>\n<\/p>\n<div class=\"wpcf7-inline-wrapper\">\n\t<p class=\"wpcf7-inline-field\"><span class=\"wpcf7-form-control-wrap\" data-name=\"your-firstname\"><input size=\"40\" maxlength=\"400\" class=\"wpcf7-form-control wpcf7-text wpcf7-validates-as-required\" aria-required=\"true\" aria-invalid=\"false\" placeholder=\"Nombre*\" value=\"\" type=\"text\" name=\"your-firstname\" \/><\/span>\n\t<\/p>\n\t<p class=\"wpcf7-inline-field\"><span class=\"wpcf7-form-control-wrap\" data-name=\"your-lastname\"><input size=\"40\" maxlength=\"400\" class=\"wpcf7-form-control wpcf7-text wpcf7-validates-as-required\" aria-required=\"true\" aria-invalid=\"false\" placeholder=\"Apellido*\" value=\"\" type=\"text\" name=\"your-lastname\" \/><\/span>\n\t<\/p>\n<\/div>\n<div class=\"wpcf7-inline-wrapper\">\n\t<p class=\"wpcf7-inline-field\"><span class=\"wpcf7-form-control-wrap\" data-name=\"your-email\"><input size=\"40\" maxlength=\"400\" class=\"wpcf7-form-control wpcf7-email wpcf7-validates-as-required wpcf7-text wpcf7-validates-as-email\" aria-required=\"true\" aria-invalid=\"false\" placeholder=\"Email*\" value=\"\" type=\"email\" name=\"your-email\" \/><\/span>\n\t<\/p>\n\t<p class=\"wpcf7-inline-field\"><span class=\"wpcf7-form-control-wrap\" data-name=\"your-tel\"><input size=\"40\" maxlength=\"400\" class=\"wpcf7-form-control wpcf7-text\" aria-invalid=\"false\" placeholder=\"Tel\u00e9fono\" value=\"\" type=\"text\" name=\"your-tel\" \/><\/span>\n\t<\/p>\n<\/div>\n<p><span class=\"wpcf7-form-control-wrap\" data-name=\"your-message\"><textarea cols=\"40\" rows=\"10\" maxlength=\"2000\" class=\"wpcf7-form-control wpcf7-textarea\" aria-invalid=\"false\" placeholder=\"Mensaje\" name=\"your-message\"><\/textarea><\/span>\n<\/p>\n<p><span class=\"wpcf7-form-control-wrap\" data-name=\"acceptance-814\"><span class=\"wpcf7-form-control wpcf7-acceptance\"><span class=\"wpcf7-list-item\"><input type=\"checkbox\" name=\"acceptance-814\" value=\"1\" aria-invalid=\"false\" \/><\/span><\/span><\/span> He le\u00eddo, entiendo y acepto la <a style=\"text-decoration-line: underline;\" href=\" https:\/\/www.elsentre.cat\/politica-de-privacitat\/\" target=\"_blank\" rel=\"noopener\">pol\u00edtica de privacidad<\/a> i l\u2019<a style=\"text-decoration-line: underline;\" href=\"https:\/\/www.elsentre.cat\/avis-legal\/\" target=\"_blank\" rel=\"noopener\"> aviso legal<\/a>.<br \/>\n<span class=\"wpcf7-form-control-wrap recaptcha\" data-name=\"recaptcha\"><span data-sitekey=\"6LcG3QIbAAAAACODHamX8DRRti8JYtNSbbPTp_OD\" class=\"wpcf7-form-control wpcf7-recaptcha g-recaptcha\"><\/span>\r\n<noscript>\r\n\t<div class=\"grecaptcha-noscript\">\r\n\t\t<iframe src=\"https:\/\/www.google.com\/recaptcha\/api\/fallback?k=6LcG3QIbAAAAACODHamX8DRRti8JYtNSbbPTp_OD\" frameborder=\"0\" scrolling=\"no\" width=\"310\" height=\"430\">\r\n\t\t<\/iframe>\r\n\t\t<textarea name=\"g-recaptcha-response\" rows=\"3\" cols=\"40\" placeholder=\"reCaptcha Response Here\">\r\n\t\t<\/textarea>\r\n\t<\/div>\r\n<\/noscript>\r\n<\/span><br \/>\n<input class=\"wpcf7-form-control wpcf7-submit has-spinner btn btn-accent btn-block btn-circle\" type=\"submit\" value=\"Env\u00eda mensaje\" \/>\n<\/p><div class=\"wpcf7-response-output\" aria-hidden=\"true\"><\/div>\n<\/form>\n<\/div>\n[vc_empty_space empty_h=\u00bb4&#8243;][\/vc_column][\/vc_row]<\/p>\n<\/div>","protected":false},"excerpt":{"rendered":"<p>[vc_row][vc_column width=\u00bb1\/1&#8243;][vc_empty_space empty_h=\u00bb2&#8243;][vc_column_text] Inf\u00f3rmanos de qu\u00e9 servicio necesitas y te enviaremos un correo o un whatsapp con el d\u00eda que [&hellip;]<\/p>\n","protected":false},"author":1,"featured_media":0,"parent":0,"menu_order":0,"comment_status":"closed","ping_status":"closed","template":"","meta":{"footnotes":""},"class_list":["post-152647","page","type-page","status-publish","hentry"],"yoast_head":"<!-- This site is optimized with the Yoast SEO plugin v27.3 - https:\/\/yoast.com\/product\/yoast-seo-wordpress\/ -->\n<title>Pide cita - El Sentre<\/title>\n<meta name=\"robots\" content=\"index, follow, max-snippet:-1, max-image-preview:large, max-video-preview:-1\" \/>\n<link rel=\"canonical\" href=\"https:\/\/www.elsentre.cat\/es\/pide-cita\/\" \/>\n<meta property=\"og:locale\" content=\"es_ES\" \/>\n<meta property=\"og:type\" content=\"article\" \/>\n<meta property=\"og:title\" content=\"Pide cita - El Sentre\" \/>\n<meta property=\"og:description\" content=\"[vc_row][vc_column width=\u00bb1\/1&#8243;][vc_empty_space empty_h=\u00bb2&#8243;][vc_column_text] Inf\u00f3rmanos de qu\u00e9 servicio necesitas y te enviaremos un correo o un whatsapp con el d\u00eda que [&hellip;]\" \/>\n<meta property=\"og:url\" content=\"https:\/\/www.elsentre.cat\/es\/pide-cita\/\" \/>\n<meta property=\"og:site_name\" content=\"El Sentre\" \/>\n<meta property=\"article:modified_time\" content=\"2025-05-14T07:18:45+00:00\" \/>\n<meta name=\"twitter:card\" content=\"summary_large_image\" \/>\n<meta name=\"twitter:label1\" content=\"Tiempo de lectura\" \/>\n\t<meta name=\"twitter:data1\" content=\"1 minuto\" \/>\n<script type=\"application\/ld+json\" class=\"yoast-schema-graph\">{\"@context\":\"https:\\\/\\\/schema.org\",\"@graph\":[{\"@type\":\"WebPage\",\"@id\":\"https:\\\/\\\/www.elsentre.cat\\\/es\\\/pide-cita\\\/\",\"url\":\"https:\\\/\\\/www.elsentre.cat\\\/es\\\/pide-cita\\\/\",\"name\":\"Pide cita - El Sentre\",\"isPartOf\":{\"@id\":\"https:\\\/\\\/www.elsentre.cat\\\/es\\\/#website\"},\"datePublished\":\"2020-01-04T11:49:45+00:00\",\"dateModified\":\"2025-05-14T07:18:45+00:00\",\"breadcrumb\":{\"@id\":\"https:\\\/\\\/www.elsentre.cat\\\/es\\\/pide-cita\\\/#breadcrumb\"},\"inLanguage\":\"es\",\"potentialAction\":[{\"@type\":\"ReadAction\",\"target\":[\"https:\\\/\\\/www.elsentre.cat\\\/es\\\/pide-cita\\\/\"]}]},{\"@type\":\"BreadcrumbList\",\"@id\":\"https:\\\/\\\/www.elsentre.cat\\\/es\\\/pide-cita\\\/#breadcrumb\",\"itemListElement\":[{\"@type\":\"ListItem\",\"position\":1,\"name\":\"Inici\",\"item\":\"https:\\\/\\\/www.elsentre.cat\\\/es\\\/\"},{\"@type\":\"ListItem\",\"position\":2,\"name\":\"Pide cita\"}]},{\"@type\":\"WebSite\",\"@id\":\"https:\\\/\\\/www.elsentre.cat\\\/es\\\/#website\",\"url\":\"https:\\\/\\\/www.elsentre.cat\\\/es\\\/\",\"name\":\"El Sentre\",\"description\":\"Salut personalitzada\",\"publisher\":{\"@id\":\"https:\\\/\\\/www.elsentre.cat\\\/es\\\/#organization\"},\"potentialAction\":[{\"@type\":\"SearchAction\",\"target\":{\"@type\":\"EntryPoint\",\"urlTemplate\":\"https:\\\/\\\/www.elsentre.cat\\\/es\\\/?s={search_term_string}\"},\"query-input\":{\"@type\":\"PropertyValueSpecification\",\"valueRequired\":true,\"valueName\":\"search_term_string\"}}],\"inLanguage\":\"es\"},{\"@type\":\"Organization\",\"@id\":\"https:\\\/\\\/www.elsentre.cat\\\/es\\\/#organization\",\"name\":\"El Sentre\",\"url\":\"https:\\\/\\\/www.elsentre.cat\\\/es\\\/\",\"logo\":{\"@type\":\"ImageObject\",\"inLanguage\":\"es\",\"@id\":\"https:\\\/\\\/www.elsentre.cat\\\/es\\\/#\\\/schema\\\/logo\\\/image\\\/\",\"url\":\"https:\\\/\\\/www.elsentre.cat\\\/wp-content\\\/uploads\\\/2020\\\/04\\\/cropped-favicon.png\",\"contentUrl\":\"https:\\\/\\\/www.elsentre.cat\\\/wp-content\\\/uploads\\\/2020\\\/04\\\/cropped-favicon.png\",\"width\":512,\"height\":512,\"caption\":\"El Sentre\"},\"image\":{\"@id\":\"https:\\\/\\\/www.elsentre.cat\\\/es\\\/#\\\/schema\\\/logo\\\/image\\\/\"},\"sameAs\":[\"https:\\\/\\\/www.instagram.com\\\/elsentre\\\/?hl=es\"]}]}<\/script>\n<!-- \/ Yoast SEO plugin. -->","yoast_head_json":{"title":"Pide cita - El Sentre","robots":{"index":"index","follow":"follow","max-snippet":"max-snippet:-1","max-image-preview":"max-image-preview:large","max-video-preview":"max-video-preview:-1"},"canonical":"https:\/\/www.elsentre.cat\/es\/pide-cita\/","og_locale":"es_ES","og_type":"article","og_title":"Pide cita - El Sentre","og_description":"[vc_row][vc_column width=\u00bb1\/1&#8243;][vc_empty_space empty_h=\u00bb2&#8243;][vc_column_text] Inf\u00f3rmanos de qu\u00e9 servicio necesitas y te enviaremos un correo o un whatsapp con el d\u00eda que [&hellip;]","og_url":"https:\/\/www.elsentre.cat\/es\/pide-cita\/","og_site_name":"El Sentre","article_modified_time":"2025-05-14T07:18:45+00:00","twitter_card":"summary_large_image","twitter_misc":{"Tiempo de lectura":"1 minuto"},"schema":{"@context":"https:\/\/schema.org","@graph":[{"@type":"WebPage","@id":"https:\/\/www.elsentre.cat\/es\/pide-cita\/","url":"https:\/\/www.elsentre.cat\/es\/pide-cita\/","name":"Pide cita - El Sentre","isPartOf":{"@id":"https:\/\/www.elsentre.cat\/es\/#website"},"datePublished":"2020-01-04T11:49:45+00:00","dateModified":"2025-05-14T07:18:45+00:00","breadcrumb":{"@id":"https:\/\/www.elsentre.cat\/es\/pide-cita\/#breadcrumb"},"inLanguage":"es","potentialAction":[{"@type":"ReadAction","target":["https:\/\/www.elsentre.cat\/es\/pide-cita\/"]}]},{"@type":"BreadcrumbList","@id":"https:\/\/www.elsentre.cat\/es\/pide-cita\/#breadcrumb","itemListElement":[{"@type":"ListItem","position":1,"name":"Inici","item":"https:\/\/www.elsentre.cat\/es\/"},{"@type":"ListItem","position":2,"name":"Pide cita"}]},{"@type":"WebSite","@id":"https:\/\/www.elsentre.cat\/es\/#website","url":"https:\/\/www.elsentre.cat\/es\/","name":"El Sentre","description":"Salut personalitzada","publisher":{"@id":"https:\/\/www.elsentre.cat\/es\/#organization"},"potentialAction":[{"@type":"SearchAction","target":{"@type":"EntryPoint","urlTemplate":"https:\/\/www.elsentre.cat\/es\/?s={search_term_string}"},"query-input":{"@type":"PropertyValueSpecification","valueRequired":true,"valueName":"search_term_string"}}],"inLanguage":"es"},{"@type":"Organization","@id":"https:\/\/www.elsentre.cat\/es\/#organization","name":"El Sentre","url":"https:\/\/www.elsentre.cat\/es\/","logo":{"@type":"ImageObject","inLanguage":"es","@id":"https:\/\/www.elsentre.cat\/es\/#\/schema\/logo\/image\/","url":"https:\/\/www.elsentre.cat\/wp-content\/uploads\/2020\/04\/cropped-favicon.png","contentUrl":"https:\/\/www.elsentre.cat\/wp-content\/uploads\/2020\/04\/cropped-favicon.png","width":512,"height":512,"caption":"El Sentre"},"image":{"@id":"https:\/\/www.elsentre.cat\/es\/#\/schema\/logo\/image\/"},"sameAs":["https:\/\/www.instagram.com\/elsentre\/?hl=es"]}]}},"_links":{"self":[{"href":"https:\/\/www.elsentre.cat\/es\/wp-json\/wp\/v2\/pages\/152647","targetHints":{"allow":["GET"]}}],"collection":[{"href":"https:\/\/www.elsentre.cat\/es\/wp-json\/wp\/v2\/pages"}],"about":[{"href":"https:\/\/www.elsentre.cat\/es\/wp-json\/wp\/v2\/types\/page"}],"author":[{"embeddable":true,"href":"https:\/\/www.elsentre.cat\/es\/wp-json\/wp\/v2\/users\/1"}],"replies":[{"embeddable":true,"href":"https:\/\/www.elsentre.cat\/es\/wp-json\/wp\/v2\/comments?post=152647"}],"version-history":[{"count":0,"href":"https:\/\/www.elsentre.cat\/es\/wp-json\/wp\/v2\/pages\/152647\/revisions"}],"wp:attachment":[{"href":"https:\/\/www.elsentre.cat\/es\/wp-json\/wp\/v2\/media?parent=152647"}],"curies":[{"name":"wp","href":"https:\/\/api.w.org\/{rel}","templated":true}]}}